{"id":16374,"date":"2019-07-12T08:42:19","date_gmt":"2019-07-12T08:42:25","guid":{"rendered":"http:\/\/akilli-tahta.com\/?post_type=product&#038;p=16374"},"modified":"2019-07-29T11:48:53","modified_gmt":"2019-07-29T11:48:53","slug":"emko-icon-conference-chair","status":"publish","type":"product","link":"https:\/\/ee.com.tr\/en\/product-detail\/emko-icon-conference-chair\/","title":{"rendered":"Emko Icon Conference Chair"},"content":{"rendered":"<div class=\"wpb-content-wrapper\"><p>[vc_row css_animation=&#8221;&#8221; row_type=&#8221;row&#8221; use_row_as_full_screen_section=&#8221;no&#8221; type=&#8221;full_width&#8221; angled_section=&#8221;no&#8221; text_align=&#8221;left&#8221; background_image_as_pattern=&#8221;without_pattern&#8221;][vc_column]<div class=\"qode-advanced-tabs qode-advanced-tabs qode-advanced-horizontal-tab clearfix qode-advanced-tab-without-icon qode-advanced-tabs-column-4 clearfix\">\n\t<ul class=\"qode-advanced-tabs-nav\">\n\t\t\t\t\t<li>\n\t\t\t\t<h4>\n\t\t\t\t\t<a href=\"#tab-product-description\">\n\t\t\t\t\t\t\n\t\t\t\t\t\t\t\t\t\t\t\t\t<span class=\"qode-advanced-tab-text-after-icon\">\n\t\t\t\t\t\t\t\tProduct Description\t\t\t\t\t\t\t<\/span>\n\t\t\t\t\t\t\t\t\t\t\t<\/a>\n\t\t\t\t<\/h4>\n\t\t\t<\/li>\n\t\t\t\t\t<li>\n\t\t\t\t<h4>\n\t\t\t\t\t<a href=\"#tab-color-options\">\n\t\t\t\t\t\t\n\t\t\t\t\t\t\t\t\t\t\t\t\t<span class=\"qode-advanced-tab-text-after-icon\">\n\t\t\t\t\t\t\t\tColor Options\t\t\t\t\t\t\t<\/span>\n\t\t\t\t\t\t\t\t\t\t\t<\/a>\n\t\t\t\t<\/h4>\n\t\t\t<\/li>\n\t\t\t\t\t<li>\n\t\t\t\t<h4>\n\t\t\t\t\t<a href=\"#tab-product-size-and-details\">\n\t\t\t\t\t\t\n\t\t\t\t\t\t\t\t\t\t\t\t\t<span class=\"qode-advanced-tab-text-after-icon\">\n\t\t\t\t\t\t\t\tProduct Size and Details\t\t\t\t\t\t\t<\/span>\n\t\t\t\t\t\t\t\t\t\t\t<\/a>\n\t\t\t\t<\/h4>\n\t\t\t<\/li>\n\t\t\t\t\t<li>\n\t\t\t\t<h4>\n\t\t\t\t\t<a href=\"#tab-suggested-with-this-chair\">\n\t\t\t\t\t\t\n\t\t\t\t\t\t\t\t\t\t\t\t\t<span class=\"qode-advanced-tab-text-after-icon\">\n\t\t\t\t\t\t\t\tSuggested With This Chair\t\t\t\t\t\t\t<\/span>\n\t\t\t\t\t\t\t\t\t\t\t<\/a>\n\t\t\t\t<\/h4>\n\t\t\t<\/li>\n\t\t\t<\/ul>\n\t<div class=\"qode-advanced-tab-container\" id=\"tab-product-description-755\" data-icon-pack=\"\" data-icon-html=\"\">[vc_row_inner row_type=&#8221;row&#8221; type=&#8221;full_width&#8221; text_align=&#8221;left&#8221; css_animation=&#8221;&#8221;][vc_column_inner width=&#8221;1\/3&#8243;][vc_single_image image=&#8221;16384&#8243; img_size=&#8221;large&#8221; qode_css_animation=&#8221;&#8221;][\/vc_column_inner][vc_column_inner width=&#8221;2\/3&#8243;][vc_column_text]<\/p>\n<h2>Now much more comfortable with special frame design<\/h2>\n<p>&nbsp;<\/p>\n<p style=\"text-align: left;\">Conferences are now more enjoyable than ever with the Emko Icon Conference Chair!<\/p>\n<p>&nbsp;<\/p>\n<p style=\"text-align: left;\">The surface texture of the seat and backrest is monobloc polypropylene material that is non-scratch and hygienic to prevent slippage.<\/p>\n<p>[\/vc_column_text][\/vc_column_inner][\/vc_row_inner]<\/div>[vc_row css_animation=&#8221;&#8221; row_type=&#8221;row&#8221; use_row_as_full_screen_section=&#8221;no&#8221; type=&#8221;full_width&#8221; angled_section=&#8221;no&#8221; text_align=&#8221;left&#8221; background_image_as_pattern=&#8221;without_pattern&#8221;][vc_column]<\/p>\n<div class=\"qode-advanced-tab-container\" id=\"tab-color-options-228\" data-icon-pack=\"\" data-icon-html=\"\">[vc_row_inner row_type=&#8221;row&#8221; type=&#8221;full_width&#8221; text_align=&#8221;left&#8221; css_animation=&#8221;&#8221;][vc_column_inner width=&#8221;4\/4&#8243;][vc_column_text]<\/p>\n<h3 class=\"product-desc-title\" style=\"text-align: left;\"><strong>Metal Frame<\/strong><\/h3>\n<p style=\"text-align: left;\">Manufactured according to metal Ral colors.<\/p>\n<p>&nbsp;<\/p>\n<h3 class=\"product-desc-title\" style=\"text-align: left;\"><strong>Seating surface<\/strong><\/h3>\n<p>The following color options are available.<\/p>\n<p>&nbsp;<\/p>\n<div class=\"q_pie_graf_holder q-pie-chart-full\">\n\t<div class=\"q_pie_graf\" data-values=\"[16,16,16,16,16,16]\" data-colors=\"[&quot;#232ea3&quot;,&quot;#6aed36&quot;,&quot;#9e9e9e&quot;,&quot;#595959&quot;,&quot;#dd3333&quot;,&quot;#dd8e18&quot;]\">\n\t\t<canvas id=\"pie2050\" height=\"150\" width=\"150\"><\/canvas>\n\t<\/div>\n\t<div class=\"q_pie_graf_legend\">\n\t\t<ul>\n\t\t\t\t\t\t\t\t\t<li>\n\t\t\t\t\t\t\t<div class='color_holder' style=\"background-color:#232ea3\"><\/div>\n\t\t\t\t\t\t\t<p style=\"color: #595959\">Blue<\/p>\n\t\t\t\t\t\t<\/li>\n\t\t\t\t\t\t\t\t\t\t\t\t<li>\n\t\t\t\t\t\t\t<div class='color_holder' style=\"background-color:#6aed36\"><\/div>\n\t\t\t\t\t\t\t<p style=\"color: #595959\">Green<\/p>\n\t\t\t\t\t\t<\/li>\n\t\t\t\t\t\t\t\t\t\t\t\t<li>\n\t\t\t\t\t\t\t<div class='color_holder' style=\"background-color:#9e9e9e\"><\/div>\n\t\t\t\t\t\t\t<p style=\"color: #595959\">Gray<\/p>\n\t\t\t\t\t\t<\/li>\n\t\t\t\t\t\t\t\t\t\t\t\t<li>\n\t\t\t\t\t\t\t<div class='color_holder' style=\"background-color:#595959\"><\/div>\n\t\t\t\t\t\t\t<p style=\"color: #595959\">Anthracite<\/p>\n\t\t\t\t\t\t<\/li>\n\t\t\t\t\t\t\t\t\t\t\t\t<li>\n\t\t\t\t\t\t\t<div class='color_holder' style=\"background-color:#dd3333\"><\/div>\n\t\t\t\t\t\t\t<p style=\"color: #595959\">Red<\/p>\n\t\t\t\t\t\t<\/li>\n\t\t\t\t\t\t\t\t\t\t\t\t<li>\n\t\t\t\t\t\t\t<div class='color_holder' style=\"background-color:#dd8e18\"><\/div>\n\t\t\t\t\t\t\t<p style=\"color: #595959\">Orange<\/p>\n\t\t\t\t\t\t<\/li>\n\t\t\t\t\t\t\t\t<\/ul>\n\t<\/div>\n<\/div>\n<p><small><br \/>\nPossible to work with different colors on purchases 500 pc or more.<\/small><small><\/small><\/p>\n<p>[\/vc_column_text][\/vc_column_inner][\/vc_row_inner]<\/div>\n<div class=\"qode-advanced-tab-container\" id=\"tab-product-size-and-details-359\" data-icon-pack=\"\" data-icon-html=\"\">[vc_column_text]<\/p>\n<p>No:6Height: 46 cmEmko Icon Conference ChairM-O\u0130S-P06<\/p>\n<table style=\"height: 181px;\" border=\"1\" width=\"552\" cellspacing=\"1\" cellpadding=\"1\">\n<tbody>\n<tr>\n<td><strong>PRODUCT<\/strong><\/td>\n<td><strong>SIZE<\/strong><\/td>\n<td><strong>DESCRIPTION<\/strong><\/td>\n<td><b>CODE<\/b><\/td>\n<\/tr>\n<\/tbody>\n<\/table>\n<p>[\/vc_column_text]<\/div>\n<div class=\"qode-advanced-tab-container\" id=\"tab-suggested-with-this-chair-943\" data-icon-pack=\"\" data-icon-html=\"\">[vc_row_inner row_type=&#8221;row&#8221; type=&#8221;full_width&#8221; text_align=&#8221;left&#8221; css_animation=&#8221;&#8221;][vc_column_inner]<div class=\"woocommerce columns-3 \"><\/div>[\/vc_column_inner][\/vc_row_inner]<\/div><\/div>[vc_empty_space][\/vc_column][\/vc_row]<\/p>\n<\/div>","protected":false},"excerpt":{"rendered":"<p>Conferences are now more enjoyable than ever with the Emko Icon Conference Chair!<\/p>\n","protected":false},"featured_media":16377,"template":"","meta":{"_monsterinsights_skip_tracking":false,"_monsterinsights_sitenote_active":false,"_monsterinsights_sitenote_note":"","_monsterinsights_sitenote_category":0},"product_cat":[318],"product_tag":[],"class_list":{"0":"post-16374","1":"product","2":"type-product","3":"status-publish","4":"has-post-thumbnail","6":"product_cat-chairs","7":"pa_renk-ral-2004-en","8":"pa_renk-ral-230-3-en","9":"pa_renk-ral-3000-en","10":"pa_renk-ral-5002-en","11":"pa_renk-ral-7016-en","13":"first","14":"instock","15":"shipping-taxable","16":"purchasable","17":"product-type-variable"},"yoast_head":"<!-- This site is optimized with the Yoast SEO plugin v26.0 - https:\/\/yoast.com\/wordpress\/plugins\/seo\/ -->\n<title>Emko Icon Conference Chair &#8211; Emko Education Solutions<\/title>\n<meta name=\"robots\" content=\"index, follow, max-snippet:-1, max-image-preview:large, max-video-preview:-1\" \/>\n<link rel=\"canonical\" href=\"https:\/\/ee.com.tr\/en\/product-detail\/emko-icon-conference-chair\/\" \/>\n<meta property=\"og:locale\" content=\"en_US\" \/>\n<meta property=\"og:type\" content=\"article\" \/>\n<meta property=\"og:title\" content=\"Emko Icon Conference Chair &#8211; Emko Education Solutions\" \/>\n<meta property=\"og:description\" content=\"Conferences are now more enjoyable than ever with the Emko Icon Conference Chair!\" \/>\n<meta property=\"og:url\" content=\"https:\/\/ee.com.tr\/en\/product-detail\/emko-icon-conference-chair\/\" \/>\n<meta property=\"og:site_name\" content=\"Emko Education Solutions\" \/>\n<meta property=\"article:modified_time\" content=\"2019-07-29T11:48:53+00:00\" \/>\n<meta property=\"og:image\" content=\"https:\/\/ee.com.tr\/wp-content\/uploads\/2019\/07\/EMKO-\u0130KON-KONFERANS-SANDALYES\u0130.jpg\" \/>\n\t<meta property=\"og:image:width\" content=\"900\" \/>\n\t<meta property=\"og:image:height\" content=\"900\" \/>\n\t<meta property=\"og:image:type\" content=\"image\/jpeg\" \/>\n<meta name=\"twitter:card\" content=\"summary_large_image\" \/>\n<meta name=\"twitter:label1\" content=\"Est. reading time\" \/>\n\t<meta name=\"twitter:data1\" content=\"2 minutes\" \/>\n<script type=\"application\/ld+json\" class=\"yoast-schema-graph\">{\"@context\":\"https:\/\/schema.org\",\"@graph\":[{\"@type\":\"WebPage\",\"@id\":\"https:\/\/ee.com.tr\/en\/product-detail\/emko-icon-conference-chair\/\",\"url\":\"https:\/\/ee.com.tr\/en\/product-detail\/emko-icon-conference-chair\/\",\"name\":\"Emko Icon Conference Chair &#8211; Emko Education Solutions\",\"isPartOf\":{\"@id\":\"https:\/\/ee.com.tr\/#website\"},\"primaryImageOfPage\":{\"@id\":\"https:\/\/ee.com.tr\/en\/product-detail\/emko-icon-conference-chair\/#primaryimage\"},\"image\":{\"@id\":\"https:\/\/ee.com.tr\/en\/product-detail\/emko-icon-conference-chair\/#primaryimage\"},\"thumbnailUrl\":\"https:\/\/ee.com.tr\/wp-content\/uploads\/2019\/07\/EMKO-\u0130KON-KONFERANS-SANDALYES\u0130.jpg\",\"datePublished\":\"2019-07-12T08:42:25+00:00\",\"dateModified\":\"2019-07-29T11:48:53+00:00\",\"breadcrumb\":{\"@id\":\"https:\/\/ee.com.tr\/en\/product-detail\/emko-icon-conference-chair\/#breadcrumb\"},\"inLanguage\":\"en-US\",\"potentialAction\":[{\"@type\":\"ReadAction\",\"target\":[\"https:\/\/ee.com.tr\/en\/product-detail\/emko-icon-conference-chair\/\"]}]},{\"@type\":\"ImageObject\",\"inLanguage\":\"en-US\",\"@id\":\"https:\/\/ee.com.tr\/en\/product-detail\/emko-icon-conference-chair\/#primaryimage\",\"url\":\"https:\/\/ee.com.tr\/wp-content\/uploads\/2019\/07\/EMKO-\u0130KON-KONFERANS-SANDALYES\u0130.jpg\",\"contentUrl\":\"https:\/\/ee.com.tr\/wp-content\/uploads\/2019\/07\/EMKO-\u0130KON-KONFERANS-SANDALYES\u0130.jpg\",\"width\":900,\"height\":900,\"caption\":\"EMKO \u0130KON KONFERANS SANDALYES\u0130\"},{\"@type\":\"BreadcrumbList\",\"@id\":\"https:\/\/ee.com.tr\/en\/product-detail\/emko-icon-conference-chair\/#breadcrumb\",\"itemListElement\":[{\"@type\":\"ListItem\",\"position\":1,\"name\":\"Ana sayfa\",\"item\":\"https:\/\/ee.com.tr\/en\/\"},{\"@type\":\"ListItem\",\"position\":2,\"name\":\"Products\",\"item\":\"https:\/\/ee.com.tr\/en\/shop\/\"},{\"@type\":\"ListItem\",\"position\":3,\"name\":\"Emko Icon Conference Chair\"}]},{\"@type\":\"WebSite\",\"@id\":\"https:\/\/ee.com.tr\/#website\",\"url\":\"https:\/\/ee.com.tr\/\",\"name\":\"Emkoedu\",\"description\":\"E\u011fitimin oldu\u011fu her yerdeyiz\",\"publisher\":{\"@id\":\"https:\/\/ee.com.tr\/#organization\"},\"potentialAction\":[{\"@type\":\"SearchAction\",\"target\":{\"@type\":\"EntryPoint\",\"urlTemplate\":\"https:\/\/ee.com.tr\/?s={search_term_string}\"},\"query-input\":{\"@type\":\"PropertyValueSpecification\",\"valueRequired\":true,\"valueName\":\"search_term_string\"}}],\"inLanguage\":\"en-US\"},{\"@type\":\"Organization\",\"@id\":\"https:\/\/ee.com.tr\/#organization\",\"name\":\"Emkoedu\",\"url\":\"https:\/\/ee.com.tr\/\",\"logo\":{\"@type\":\"ImageObject\",\"inLanguage\":\"en-US\",\"@id\":\"https:\/\/ee.com.tr\/#\/schema\/logo\/image\/\",\"url\":\"https:\/\/ee.com.tr\/wp-content\/uploads\/2018\/08\/sitemgr_photo_624.png\",\"contentUrl\":\"https:\/\/ee.com.tr\/wp-content\/uploads\/2018\/08\/sitemgr_photo_624.png\",\"width\":800,\"height\":206,\"caption\":\"Emkoedu\"},\"image\":{\"@id\":\"https:\/\/ee.com.tr\/#\/schema\/logo\/image\/\"}}]}<\/script>\n<!-- \/ Yoast SEO plugin. -->","yoast_head_json":{"title":"Emko Icon Conference Chair &#8211; Emko Education Solutions","robots":{"index":"index","follow":"follow","max-snippet":"max-snippet:-1","max-image-preview":"max-image-preview:large","max-video-preview":"max-video-preview:-1"},"canonical":"https:\/\/ee.com.tr\/en\/product-detail\/emko-icon-conference-chair\/","og_locale":"en_US","og_type":"article","og_title":"Emko Icon Conference Chair &#8211; Emko Education Solutions","og_description":"Conferences are now more enjoyable than ever with the Emko Icon Conference Chair!","og_url":"https:\/\/ee.com.tr\/en\/product-detail\/emko-icon-conference-chair\/","og_site_name":"Emko Education Solutions","article_modified_time":"2019-07-29T11:48:53+00:00","og_image":[{"width":900,"height":900,"url":"https:\/\/ee.com.tr\/wp-content\/uploads\/2019\/07\/EMKO-\u0130KON-KONFERANS-SANDALYES\u0130.jpg","type":"image\/jpeg"}],"twitter_card":"summary_large_image","twitter_misc":{"Est. reading time":"2 minutes"},"schema":{"@context":"https:\/\/schema.org","@graph":[{"@type":"WebPage","@id":"https:\/\/ee.com.tr\/en\/product-detail\/emko-icon-conference-chair\/","url":"https:\/\/ee.com.tr\/en\/product-detail\/emko-icon-conference-chair\/","name":"Emko Icon Conference Chair &#8211; Emko Education Solutions","isPartOf":{"@id":"https:\/\/ee.com.tr\/#website"},"primaryImageOfPage":{"@id":"https:\/\/ee.com.tr\/en\/product-detail\/emko-icon-conference-chair\/#primaryimage"},"image":{"@id":"https:\/\/ee.com.tr\/en\/product-detail\/emko-icon-conference-chair\/#primaryimage"},"thumbnailUrl":"https:\/\/ee.com.tr\/wp-content\/uploads\/2019\/07\/EMKO-\u0130KON-KONFERANS-SANDALYES\u0130.jpg","datePublished":"2019-07-12T08:42:25+00:00","dateModified":"2019-07-29T11:48:53+00:00","breadcrumb":{"@id":"https:\/\/ee.com.tr\/en\/product-detail\/emko-icon-conference-chair\/#breadcrumb"},"inLanguage":"en-US","potentialAction":[{"@type":"ReadAction","target":["https:\/\/ee.com.tr\/en\/product-detail\/emko-icon-conference-chair\/"]}]},{"@type":"ImageObject","inLanguage":"en-US","@id":"https:\/\/ee.com.tr\/en\/product-detail\/emko-icon-conference-chair\/#primaryimage","url":"https:\/\/ee.com.tr\/wp-content\/uploads\/2019\/07\/EMKO-\u0130KON-KONFERANS-SANDALYES\u0130.jpg","contentUrl":"https:\/\/ee.com.tr\/wp-content\/uploads\/2019\/07\/EMKO-\u0130KON-KONFERANS-SANDALYES\u0130.jpg","width":900,"height":900,"caption":"EMKO \u0130KON KONFERANS SANDALYES\u0130"},{"@type":"BreadcrumbList","@id":"https:\/\/ee.com.tr\/en\/product-detail\/emko-icon-conference-chair\/#breadcrumb","itemListElement":[{"@type":"ListItem","position":1,"name":"Ana sayfa","item":"https:\/\/ee.com.tr\/en\/"},{"@type":"ListItem","position":2,"name":"Products","item":"https:\/\/ee.com.tr\/en\/shop\/"},{"@type":"ListItem","position":3,"name":"Emko Icon Conference Chair"}]},{"@type":"WebSite","@id":"https:\/\/ee.com.tr\/#website","url":"https:\/\/ee.com.tr\/","name":"Emkoedu","description":"E\u011fitimin oldu\u011fu her yerdeyiz","publisher":{"@id":"https:\/\/ee.com.tr\/#organization"},"potentialAction":[{"@type":"SearchAction","target":{"@type":"EntryPoint","urlTemplate":"https:\/\/ee.com.tr\/?s={search_term_string}"},"query-input":{"@type":"PropertyValueSpecification","valueRequired":true,"valueName":"search_term_string"}}],"inLanguage":"en-US"},{"@type":"Organization","@id":"https:\/\/ee.com.tr\/#organization","name":"Emkoedu","url":"https:\/\/ee.com.tr\/","logo":{"@type":"ImageObject","inLanguage":"en-US","@id":"https:\/\/ee.com.tr\/#\/schema\/logo\/image\/","url":"https:\/\/ee.com.tr\/wp-content\/uploads\/2018\/08\/sitemgr_photo_624.png","contentUrl":"https:\/\/ee.com.tr\/wp-content\/uploads\/2018\/08\/sitemgr_photo_624.png","width":800,"height":206,"caption":"Emkoedu"},"image":{"@id":"https:\/\/ee.com.tr\/#\/schema\/logo\/image\/"}}]}},"_links":{"self":[{"href":"https:\/\/ee.com.tr\/en\/wp-json\/wp\/v2\/product\/16374","targetHints":{"allow":["GET"]}}],"collection":[{"href":"https:\/\/ee.com.tr\/en\/wp-json\/wp\/v2\/product"}],"about":[{"href":"https:\/\/ee.com.tr\/en\/wp-json\/wp\/v2\/types\/product"}],"version-history":[{"count":0,"href":"https:\/\/ee.com.tr\/en\/wp-json\/wp\/v2\/product\/16374\/revisions"}],"wp:featuredmedia":[{"embeddable":true,"href":"https:\/\/ee.com.tr\/en\/wp-json\/wp\/v2\/media\/16377"}],"wp:attachment":[{"href":"https:\/\/ee.com.tr\/en\/wp-json\/wp\/v2\/media?parent=16374"}],"wp:term":[{"taxonomy":"product_cat","embeddable":true,"href":"https:\/\/ee.com.tr\/en\/wp-json\/wp\/v2\/product_cat?post=16374"},{"taxonomy":"product_tag","embeddable":true,"href":"https:\/\/ee.com.tr\/en\/wp-json\/wp\/v2\/product_tag?post=16374"}],"curies":[{"name":"wp","href":"https:\/\/api.w.org\/{rel}","templated":true}]}}