{"id":2633,"date":"2018-10-15T12:19:04","date_gmt":"2019-03-25T21:36:12","guid":{"rendered":"http:\/\/akilli-tahta.com\/?post_type=product&#038;p=2633"},"modified":"2019-07-29T12:14:49","modified_gmt":"2019-07-29T12:14:49","slug":"99-emko-a4-magnetic-small-whiteboard","status":"publish","type":"product","link":"https:\/\/ee.com.tr\/en\/product-detail\/99-emko-a4-magnetic-small-whiteboard\/","title":{"rendered":"Emko A4 Magnetic Small Whiteboard"},"content":{"rendered":"<div class=\"wpb-content-wrapper\"><p>&nbsp;<\/p>\n<p>[vc_row_inner row_type=&#8221;row&#8221; type=&#8221;full_width&#8221; text_align=&#8221;left&#8221; css_animation=&#8221;&#8221;][vc_column_inner width=&#8221;1\/2&#8243;][vc_single_image image=&#8221;2107&#8243; img_size=&#8221;large&#8221; qode_css_animation=&#8221;&#8221;][\/vc_column_inner][vc_column_inner width=&#8221;1\/2&#8243;][vc_column_text]<\/p>\n<h2>Classworks are now much more fun!<\/h2>\n<p>&nbsp;<\/p>\n<p>Students are more active thanks to the enamel\u00a0writing boards. It is A4 size and has a writeable surface.\u00a0On this account, students gain speed in lessons.<\/p>\n<p>&nbsp;<\/p>\n<p>Ideal for class works\u00a0carried out in a question-answer format. Reduces paper consumption and helps protect the environment. <span data-type=\"normal\"  class=\"qode_icon_shortcode  q_font_awsome_icon   q_icon_animation\" style=\" \"><i class=\"qode_icon_font_awesome fa fa-leaf qode_icon_element\" style=\"color: #33a831;\" ><\/i><\/span><\/p>\n<p>&nbsp;<\/p>\n<p><strong>Color Options<\/strong><\/p>\n<p>The surface is produced as white enamel with magnetic properties.<\/p>\n<p>&nbsp;<\/p>\n<p>[\/vc_column_text][\/vc_column_inner][\/vc_row_inner]<\/p>\n<p>[vc_empty_space]<\/p>\n<\/div>","protected":false},"excerpt":{"rendered":"<p>&nbsp; [vc_row_inner row_type=&#8221;row&#8221; type=&#8221;full_width&#8221; text_align=&#8221;left&#8221; css_animation=&#8221;&#8221;][vc_column_inner width=&#8221;1\/2&#8243;][vc_single_image image=&#8221;2107&#8243; img_size=&#8221;large&#8221; qode_css_animation=&#8221;&#8221;][\/vc_column_inner][vc_column_inner width=&#8221;1\/2&#8243;][vc_column_text] Classworks are now much more fun! &nbsp; Students are more active thanks to the enamel\u00a0writing boards. It is A4 size and has a writeable surface.\u00a0On this account, students gain speed in lessons. &nbsp; Ideal&#8230;<\/p>\n","protected":false},"featured_media":1370,"template":"","meta":{"_monsterinsights_skip_tracking":false,"_monsterinsights_sitenote_active":false,"_monsterinsights_sitenote_note":"","_monsterinsights_sitenote_category":0},"product_cat":[293],"product_tag":[],"class_list":{"0":"post-2633","1":"product","2":"type-product","3":"status-publish","4":"has-post-thumbnail","6":"product_cat-accessories2","8":"first","9":"instock","10":"shipping-taxable","11":"purchasable","12":"product-type-variable"},"yoast_head":"<!-- This site is optimized with the Yoast SEO plugin v26.0 - https:\/\/yoast.com\/wordpress\/plugins\/seo\/ -->\n<title>Emko A4 Magnetic Small Whiteboard &#8211; Emko Education Solutions<\/title>\n<meta name=\"robots\" content=\"index, follow, max-snippet:-1, max-image-preview:large, max-video-preview:-1\" \/>\n<link rel=\"canonical\" href=\"https:\/\/ee.com.tr\/en\/product-detail\/99-emko-a4-magnetic-small-whiteboard\/\" \/>\n<meta property=\"og:locale\" content=\"en_US\" \/>\n<meta property=\"og:type\" content=\"article\" \/>\n<meta property=\"og:title\" content=\"Emko A4 Magnetic Small Whiteboard &#8211; Emko Education Solutions\" \/>\n<meta property=\"og:description\" content=\"&nbsp; [vc_row_inner row_type=&#8221;row&#8221; type=&#8221;full_width&#8221; text_align=&#8221;left&#8221; css_animation=&#8221;&#8221;][vc_column_inner width=&#8221;1\/2&#8243;][vc_single_image image=&#8221;2107&#8243; img_size=&#8221;large&#8221; qode_css_animation=&#8221;&#8221;][\/vc_column_inner][vc_column_inner width=&#8221;1\/2&#8243;][vc_column_text] Classworks are now much more fun! &nbsp; Students are more active thanks to the enamel\u00a0writing boards. It is A4 size and has a writeable surface.\u00a0On this account, students gain speed in lessons. &nbsp; Ideal...\" \/>\n<meta property=\"og:url\" content=\"https:\/\/ee.com.tr\/en\/product-detail\/99-emko-a4-magnetic-small-whiteboard\/\" \/>\n<meta property=\"og:site_name\" content=\"Emko Education Solutions\" \/>\n<meta property=\"article:modified_time\" content=\"2019-07-29T12:14:49+00:00\" \/>\n<meta property=\"og:image\" content=\"https:\/\/ee.com.tr\/wp-content\/uploads\/2018\/10\/\u00e7al\u0131\u015fma-tahtas\u0131-d\u0131\u015f-g\u00f6rsel.jpg\" \/>\n\t<meta property=\"og:image:width\" content=\"1500\" \/>\n\t<meta property=\"og:image:height\" content=\"891\" \/>\n\t<meta property=\"og:image:type\" content=\"image\/jpeg\" \/>\n<meta name=\"twitter:card\" content=\"summary_large_image\" \/>\n<meta name=\"twitter:label1\" content=\"Est. reading time\" \/>\n\t<meta name=\"twitter:data1\" content=\"1 minute\" \/>\n<script type=\"application\/ld+json\" class=\"yoast-schema-graph\">{\"@context\":\"https:\/\/schema.org\",\"@graph\":[{\"@type\":\"WebPage\",\"@id\":\"https:\/\/ee.com.tr\/en\/product-detail\/99-emko-a4-magnetic-small-whiteboard\/\",\"url\":\"https:\/\/ee.com.tr\/en\/product-detail\/99-emko-a4-magnetic-small-whiteboard\/\",\"name\":\"Emko A4 Magnetic Small Whiteboard &#8211; Emko Education Solutions\",\"isPartOf\":{\"@id\":\"https:\/\/ee.com.tr\/#website\"},\"primaryImageOfPage\":{\"@id\":\"https:\/\/ee.com.tr\/en\/product-detail\/99-emko-a4-magnetic-small-whiteboard\/#primaryimage\"},\"image\":{\"@id\":\"https:\/\/ee.com.tr\/en\/product-detail\/99-emko-a4-magnetic-small-whiteboard\/#primaryimage\"},\"thumbnailUrl\":\"https:\/\/ee.com.tr\/wp-content\/uploads\/2018\/10\/\u00e7al\u0131\u015fma-tahtas\u0131-d\u0131\u015f-g\u00f6rsel.jpg\",\"datePublished\":\"2019-03-25T21:36:12+00:00\",\"dateModified\":\"2019-07-29T12:14:49+00:00\",\"breadcrumb\":{\"@id\":\"https:\/\/ee.com.tr\/en\/product-detail\/99-emko-a4-magnetic-small-whiteboard\/#breadcrumb\"},\"inLanguage\":\"en-US\",\"potentialAction\":[{\"@type\":\"ReadAction\",\"target\":[\"https:\/\/ee.com.tr\/en\/product-detail\/99-emko-a4-magnetic-small-whiteboard\/\"]}]},{\"@type\":\"ImageObject\",\"inLanguage\":\"en-US\",\"@id\":\"https:\/\/ee.com.tr\/en\/product-detail\/99-emko-a4-magnetic-small-whiteboard\/#primaryimage\",\"url\":\"https:\/\/ee.com.tr\/wp-content\/uploads\/2018\/10\/\u00e7al\u0131\u015fma-tahtas\u0131-d\u0131\u015f-g\u00f6rsel.jpg\",\"contentUrl\":\"https:\/\/ee.com.tr\/wp-content\/uploads\/2018\/10\/\u00e7al\u0131\u015fma-tahtas\u0131-d\u0131\u015f-g\u00f6rsel.jpg\",\"width\":1500,\"height\":891,\"caption\":\"\u00e7al\u0131\u015fma tahtas\u0131\"},{\"@type\":\"BreadcrumbList\",\"@id\":\"https:\/\/ee.com.tr\/en\/product-detail\/99-emko-a4-magnetic-small-whiteboard\/#breadcrumb\",\"itemListElement\":[{\"@type\":\"ListItem\",\"position\":1,\"name\":\"Ana sayfa\",\"item\":\"https:\/\/ee.com.tr\/en\/\"},{\"@type\":\"ListItem\",\"position\":2,\"name\":\"Products\",\"item\":\"https:\/\/ee.com.tr\/en\/shop\/\"},{\"@type\":\"ListItem\",\"position\":3,\"name\":\"Emko A4 Magnetic Small Whiteboard\"}]},{\"@type\":\"WebSite\",\"@id\":\"https:\/\/ee.com.tr\/#website\",\"url\":\"https:\/\/ee.com.tr\/\",\"name\":\"Emkoedu\",\"description\":\"E\u011fitimin oldu\u011fu her yerdeyiz\",\"publisher\":{\"@id\":\"https:\/\/ee.com.tr\/#organization\"},\"potentialAction\":[{\"@type\":\"SearchAction\",\"target\":{\"@type\":\"EntryPoint\",\"urlTemplate\":\"https:\/\/ee.com.tr\/?s={search_term_string}\"},\"query-input\":{\"@type\":\"PropertyValueSpecification\",\"valueRequired\":true,\"valueName\":\"search_term_string\"}}],\"inLanguage\":\"en-US\"},{\"@type\":\"Organization\",\"@id\":\"https:\/\/ee.com.tr\/#organization\",\"name\":\"Emkoedu\",\"url\":\"https:\/\/ee.com.tr\/\",\"logo\":{\"@type\":\"ImageObject\",\"inLanguage\":\"en-US\",\"@id\":\"https:\/\/ee.com.tr\/#\/schema\/logo\/image\/\",\"url\":\"https:\/\/ee.com.tr\/wp-content\/uploads\/2018\/08\/sitemgr_photo_624.png\",\"contentUrl\":\"https:\/\/ee.com.tr\/wp-content\/uploads\/2018\/08\/sitemgr_photo_624.png\",\"width\":800,\"height\":206,\"caption\":\"Emkoedu\"},\"image\":{\"@id\":\"https:\/\/ee.com.tr\/#\/schema\/logo\/image\/\"}}]}<\/script>\n<!-- \/ Yoast SEO plugin. -->","yoast_head_json":{"title":"Emko A4 Magnetic Small Whiteboard &#8211; Emko Education Solutions","robots":{"index":"index","follow":"follow","max-snippet":"max-snippet:-1","max-image-preview":"max-image-preview:large","max-video-preview":"max-video-preview:-1"},"canonical":"https:\/\/ee.com.tr\/en\/product-detail\/99-emko-a4-magnetic-small-whiteboard\/","og_locale":"en_US","og_type":"article","og_title":"Emko A4 Magnetic Small Whiteboard &#8211; Emko Education Solutions","og_description":"&nbsp; [vc_row_inner row_type=&#8221;row&#8221; type=&#8221;full_width&#8221; text_align=&#8221;left&#8221; css_animation=&#8221;&#8221;][vc_column_inner width=&#8221;1\/2&#8243;][vc_single_image image=&#8221;2107&#8243; img_size=&#8221;large&#8221; qode_css_animation=&#8221;&#8221;][\/vc_column_inner][vc_column_inner width=&#8221;1\/2&#8243;][vc_column_text] Classworks are now much more fun! &nbsp; Students are more active thanks to the enamel\u00a0writing boards. It is A4 size and has a writeable surface.\u00a0On this account, students gain speed in lessons. &nbsp; Ideal...","og_url":"https:\/\/ee.com.tr\/en\/product-detail\/99-emko-a4-magnetic-small-whiteboard\/","og_site_name":"Emko Education Solutions","article_modified_time":"2019-07-29T12:14:49+00:00","og_image":[{"width":1500,"height":891,"url":"https:\/\/ee.com.tr\/wp-content\/uploads\/2018\/10\/\u00e7al\u0131\u015fma-tahtas\u0131-d\u0131\u015f-g\u00f6rsel.jpg","type":"image\/jpeg"}],"twitter_card":"summary_large_image","twitter_misc":{"Est. reading time":"1 minute"},"schema":{"@context":"https:\/\/schema.org","@graph":[{"@type":"WebPage","@id":"https:\/\/ee.com.tr\/en\/product-detail\/99-emko-a4-magnetic-small-whiteboard\/","url":"https:\/\/ee.com.tr\/en\/product-detail\/99-emko-a4-magnetic-small-whiteboard\/","name":"Emko A4 Magnetic Small Whiteboard &#8211; Emko Education Solutions","isPartOf":{"@id":"https:\/\/ee.com.tr\/#website"},"primaryImageOfPage":{"@id":"https:\/\/ee.com.tr\/en\/product-detail\/99-emko-a4-magnetic-small-whiteboard\/#primaryimage"},"image":{"@id":"https:\/\/ee.com.tr\/en\/product-detail\/99-emko-a4-magnetic-small-whiteboard\/#primaryimage"},"thumbnailUrl":"https:\/\/ee.com.tr\/wp-content\/uploads\/2018\/10\/\u00e7al\u0131\u015fma-tahtas\u0131-d\u0131\u015f-g\u00f6rsel.jpg","datePublished":"2019-03-25T21:36:12+00:00","dateModified":"2019-07-29T12:14:49+00:00","breadcrumb":{"@id":"https:\/\/ee.com.tr\/en\/product-detail\/99-emko-a4-magnetic-small-whiteboard\/#breadcrumb"},"inLanguage":"en-US","potentialAction":[{"@type":"ReadAction","target":["https:\/\/ee.com.tr\/en\/product-detail\/99-emko-a4-magnetic-small-whiteboard\/"]}]},{"@type":"ImageObject","inLanguage":"en-US","@id":"https:\/\/ee.com.tr\/en\/product-detail\/99-emko-a4-magnetic-small-whiteboard\/#primaryimage","url":"https:\/\/ee.com.tr\/wp-content\/uploads\/2018\/10\/\u00e7al\u0131\u015fma-tahtas\u0131-d\u0131\u015f-g\u00f6rsel.jpg","contentUrl":"https:\/\/ee.com.tr\/wp-content\/uploads\/2018\/10\/\u00e7al\u0131\u015fma-tahtas\u0131-d\u0131\u015f-g\u00f6rsel.jpg","width":1500,"height":891,"caption":"\u00e7al\u0131\u015fma tahtas\u0131"},{"@type":"BreadcrumbList","@id":"https:\/\/ee.com.tr\/en\/product-detail\/99-emko-a4-magnetic-small-whiteboard\/#breadcrumb","itemListElement":[{"@type":"ListItem","position":1,"name":"Ana sayfa","item":"https:\/\/ee.com.tr\/en\/"},{"@type":"ListItem","position":2,"name":"Products","item":"https:\/\/ee.com.tr\/en\/shop\/"},{"@type":"ListItem","position":3,"name":"Emko A4 Magnetic Small Whiteboard"}]},{"@type":"WebSite","@id":"https:\/\/ee.com.tr\/#website","url":"https:\/\/ee.com.tr\/","name":"Emkoedu","description":"E\u011fitimin oldu\u011fu her yerdeyiz","publisher":{"@id":"https:\/\/ee.com.tr\/#organization"},"potentialAction":[{"@type":"SearchAction","target":{"@type":"EntryPoint","urlTemplate":"https:\/\/ee.com.tr\/?s={search_term_string}"},"query-input":{"@type":"PropertyValueSpecification","valueRequired":true,"valueName":"search_term_string"}}],"inLanguage":"en-US"},{"@type":"Organization","@id":"https:\/\/ee.com.tr\/#organization","name":"Emkoedu","url":"https:\/\/ee.com.tr\/","logo":{"@type":"ImageObject","inLanguage":"en-US","@id":"https:\/\/ee.com.tr\/#\/schema\/logo\/image\/","url":"https:\/\/ee.com.tr\/wp-content\/uploads\/2018\/08\/sitemgr_photo_624.png","contentUrl":"https:\/\/ee.com.tr\/wp-content\/uploads\/2018\/08\/sitemgr_photo_624.png","width":800,"height":206,"caption":"Emkoedu"},"image":{"@id":"https:\/\/ee.com.tr\/#\/schema\/logo\/image\/"}}]}},"_links":{"self":[{"href":"https:\/\/ee.com.tr\/en\/wp-json\/wp\/v2\/product\/2633","targetHints":{"allow":["GET"]}}],"collection":[{"href":"https:\/\/ee.com.tr\/en\/wp-json\/wp\/v2\/product"}],"about":[{"href":"https:\/\/ee.com.tr\/en\/wp-json\/wp\/v2\/types\/product"}],"version-history":[{"count":0,"href":"https:\/\/ee.com.tr\/en\/wp-json\/wp\/v2\/product\/2633\/revisions"}],"wp:featuredmedia":[{"embeddable":true,"href":"https:\/\/ee.com.tr\/en\/wp-json\/wp\/v2\/media\/1370"}],"wp:attachment":[{"href":"https:\/\/ee.com.tr\/en\/wp-json\/wp\/v2\/media?parent=2633"}],"wp:term":[{"taxonomy":"product_cat","embeddable":true,"href":"https:\/\/ee.com.tr\/en\/wp-json\/wp\/v2\/product_cat?post=2633"},{"taxonomy":"product_tag","embeddable":true,"href":"https:\/\/ee.com.tr\/en\/wp-json\/wp\/v2\/product_tag?post=2633"}],"curies":[{"name":"wp","href":"https:\/\/api.w.org\/{rel}","templated":true}]}}