{"id":2657,"date":"2018-10-12T11:28:18","date_gmt":"2019-03-26T16:53:23","guid":{"rendered":"http:\/\/akilli-tahta.com\/?post_type=product&#038;p=2657"},"modified":"2019-07-29T12:15:27","modified_gmt":"2019-07-29T12:15:27","slug":"86-emko-mira-student-locker","status":"publish","type":"product","link":"https:\/\/ee.com.tr\/en\/product-detail\/86-emko-mira-student-locker\/","title":{"rendered":"Emko Mira Student Locker"},"content":{"rendered":"<div class=\"wpb-content-wrapper\"><p>[vc_row css_animation=&#8221;&#8221; row_type=&#8221;row&#8221; use_row_as_full_screen_section=&#8221;no&#8221; type=&#8221;full_width&#8221; angled_section=&#8221;no&#8221; text_align=&#8221;left&#8221; background_image_as_pattern=&#8221;without_pattern&#8221;][vc_column]<div class=\"qode-advanced-tabs qode-advanced-tabs qode-advanced-horizontal-tab clearfix qode-advanced-tab-without-icon qode-advanced-tabs-column-5 clearfix\">\n\t<ul class=\"qode-advanced-tabs-nav\">\n\t\t\t\t\t<li>\n\t\t\t\t<h4>\n\t\t\t\t\t<a href=\"#tab-product-description\">\n\t\t\t\t\t\t\n\t\t\t\t\t\t\t\t\t\t\t\t\t<span class=\"qode-advanced-tab-text-after-icon\">\n\t\t\t\t\t\t\t\tProduct Description\t\t\t\t\t\t\t<\/span>\n\t\t\t\t\t\t\t\t\t\t\t<\/a>\n\t\t\t\t<\/h4>\n\t\t\t<\/li>\n\t\t\t\t\t<li>\n\t\t\t\t<h4>\n\t\t\t\t\t<a href=\"#tab-options\">\n\t\t\t\t\t\t\n\t\t\t\t\t\t\t\t\t\t\t\t\t<span class=\"qode-advanced-tab-text-after-icon\">\n\t\t\t\t\t\t\t\tOptions\t\t\t\t\t\t\t<\/span>\n\t\t\t\t\t\t\t\t\t\t\t<\/a>\n\t\t\t\t<\/h4>\n\t\t\t<\/li>\n\t\t\t\t\t<li>\n\t\t\t\t<h4>\n\t\t\t\t\t<a href=\"#tab-color-options\">\n\t\t\t\t\t\t\n\t\t\t\t\t\t\t\t\t\t\t\t\t<span class=\"qode-advanced-tab-text-after-icon\">\n\t\t\t\t\t\t\t\tColor Options\t\t\t\t\t\t\t<\/span>\n\t\t\t\t\t\t\t\t\t\t\t<\/a>\n\t\t\t\t<\/h4>\n\t\t\t<\/li>\n\t\t\t\t\t<li>\n\t\t\t\t<h4>\n\t\t\t\t\t<a href=\"#tab-product-size-and-descriptions\">\n\t\t\t\t\t\t\n\t\t\t\t\t\t\t\t\t\t\t\t\t<span class=\"qode-advanced-tab-text-after-icon\">\n\t\t\t\t\t\t\t\tProduct Size and Descriptions\t\t\t\t\t\t\t<\/span>\n\t\t\t\t\t\t\t\t\t\t\t<\/a>\n\t\t\t\t<\/h4>\n\t\t\t<\/li>\n\t\t\t\t\t<li>\n\t\t\t\t<h4>\n\t\t\t\t\t<a href=\"#tab-suitable-with-this-cabinet\">\n\t\t\t\t\t\t\n\t\t\t\t\t\t\t\t\t\t\t\t\t<span class=\"qode-advanced-tab-text-after-icon\">\n\t\t\t\t\t\t\t\tSuitable With this cabinet\t\t\t\t\t\t\t<\/span>\n\t\t\t\t\t\t\t\t\t\t\t<\/a>\n\t\t\t\t<\/h4>\n\t\t\t<\/li>\n\t\t\t<\/ul>\n\t<div class=\"qode-advanced-tab-container\" id=\"tab-product-description-23\" data-icon-pack=\"\" data-icon-html=\"\">[vc_row_inner row_type=&#8221;row&#8221; type=&#8221;full_width&#8221; text_align=&#8221;left&#8221; css_animation=&#8221;&#8221;][vc_column_inner width=&#8221;1\/2&#8243;][vc_single_image image=&#8221;2086&#8243; img_size=&#8221;full&#8221; qode_css_animation=&#8221;&#8221;][\/vc_column_inner][vc_column_inner el_class=&#8221;&#8221; width=&#8221;1\/2&#8243;][vc_column_text]<\/p>\n<h2>Bring your classes to life with multiple color options&#8230;<\/h2>\n<p>&nbsp;<\/p>\n<p style=\"text-align: left;\">It has an ideal storage area with its large internal volume and offers various alternatives for users with different sizes and different compartment\u00a0options.<\/p>\n<p>[\/vc_column_text][\/vc_column_inner][\/vc_row_inner]<\/div>\n<p>[vc_row css_animation=&#8221;&#8221; row_type=&#8221;row&#8221; use_row_as_full_screen_section=&#8221;no&#8221; type=&#8221;full_width&#8221; angled_section=&#8221;no&#8221; text_align=&#8221;left&#8221; background_image_as_pattern=&#8221;without_pattern&#8221;][vc_column]<div class=\"qode-advanced-tabs qode-advanced-tabs qode-advanced-horizontal-tab clearfix qode-advanced-tab-without-icon qode-advanced-tabs-column-0 clearfix\">\n\t<ul class=\"qode-advanced-tabs-nav\">\n\t\t\t<\/ul>\n\t<\/div><div class=\"qode-advanced-tab-container\" id=\"tab-options-86\" data-icon-pack=\"\" data-icon-html=\"\">[vc_row_inner row_type=&#8221;row&#8221; type=&#8221;full_width&#8221; text_align=&#8221;left&#8221; css_animation=&#8221;&#8221;][vc_column_inner width=&#8221;1\/3&#8243;][vc_single_image image=&#8221;2090&#8243; img_size=&#8221;medium&#8221; qode_css_animation=&#8221;&#8221;][\/vc_column_inner][vc_column_inner el_class=&#8221;text-margin-top&#8221; width=&#8221;2\/3&#8243;][vc_column_text]<\/p>\n<div class=\"product-desc-image\"><span data-type=\"normal\"  class=\"qode_icon_shortcode  q_font_awsome_icon fa-2x pull-left \" style=\" \"><i class=\"qode_icon_font_awesome fa fa-ruler-combined qode_icon_element\" style=\"color: #000333;\" ><\/i><\/span><\/div>\n<h3 class=\"product-desc-title\">165\u00b0 Degree Hinge<\/h3>\n<hr \/>\n<p>Door of your cabinets could be opened wider and withstand more powerful impacts thanks to the 165\u00b0 degree hinge option.<\/p>\n<p>[\/vc_column_text][\/vc_column_inner][\/vc_row_inner]<\/p>\n<p>&nbsp;<\/p>\n<p>[vc_row_inner row_type=&#8221;row&#8221; type=&#8221;full_width&#8221; text_align=&#8221;right&#8221; css_animation=&#8221;&#8221;][vc_column_inner el_class=&#8221;text-margin-top&#8221; width=&#8221;1\/2&#8243;][vc_column_text]<\/p>\n<div class=\"product-desc-image\"><span data-type=\"normal\"  class=\"qode_icon_shortcode  q_font_awsome_icon fa-2x pull-left \" style=\" \"><i class=\"qode_icon_font_awesome fa fa-unlock-alt qode_icon_element\" style=\"color: #000333;\" ><\/i><\/span><\/div>\n<h3 class=\"product-desc-title\"><strong>Combination Lock<\/strong><\/h3>\n<hr \/>\n<p>With the combination\u00a0lock option you can increase your security practically with the password you will set in your cabinets.<\/p>\n<p>[\/vc_column_text][\/vc_column_inner][vc_column_inner el_class=&#8221;&#8221; width=&#8221;1\/2&#8243;][vc_single_image image=&#8221;2071&#8243; img_size=&#8221;large&#8221; qode_css_animation=&#8221;&#8221;][\/vc_column_inner][\/vc_row_inner]<\/div>\n<div class=\"qode-advanced-tab-container\" id=\"tab-color-options-834\" data-icon-pack=\"\" data-icon-html=\"\">[vc_row_inner row_type=&#8221;row&#8221; type=&#8221;full_width&#8221; text_align=&#8221;left&#8221; css_animation=&#8221;&#8221;][vc_column_inner width=&#8221;1\/3&#8243;][vc_single_image image=&#8221;2089&#8243; img_size=&#8221;large&#8221; qode_css_animation=&#8221;&#8221;][\/vc_column_inner][vc_column_inner width=&#8221;2\/3&#8243;][vc_column_text]<\/p>\n<h3 class=\"product-desc-title\">CABINET AND DOOR<\/h3>\n<p>Produced in desired color.[\/vc_column_text][\/vc_column_inner][\/vc_row_inner][vc_empty_space][vc_row_inner row_type=&#8221;row&#8221; type=&#8221;full_width&#8221; text_align=&#8221;left&#8221; css_animation=&#8221;&#8221;][vc_column_inner width=&#8221;2\/3&#8243;][vc_column_text]<\/p>\n<h3 class=\"product-desc-title\" style=\"text-align: right; display: block;\">LACQUERED HANDLE<\/h3>\n<p style=\"text-align: right;\">Produced in desired color.<\/p>\n<p>[\/vc_column_text][\/vc_column_inner][vc_column_inner width=&#8221;1\/3&#8243;][vc_single_image image=&#8221;2088&#8243; img_size=&#8221;large&#8221; qode_css_animation=&#8221;&#8221;][\/vc_column_inner][\/vc_row_inner]<\/p>\n<p>&nbsp;<\/p>\n<p><\/div><div class=\"qode-advanced-tab-container\" id=\"tab-product-size-and-descriptions-238\" data-icon-pack=\"\" data-icon-html=\"\">[vc_column_text]<\/p>\n<table style=\"height: 285px;\" border=\"1\" width=\"703\" cellspacing=\"1\" cellpadding=\"1\">\n<tbody>\n<tr>\n<td><strong>SIZE<\/strong><\/td>\n<td><strong>SINGLE SHELF SIZE<br \/>\n<\/strong><\/td>\n<td><strong>DESCRIPTION<\/strong><\/td>\n<td><strong>CODE<\/strong><\/td>\n<\/tr>\n<tr>\n<td>80x40x200 cm<\/td>\n<td>40x40x40 cm<\/td>\n<td>\u00a0for 10 person<\/td>\n<td>M-9MS-S03<\/td>\n<\/tr>\n<tr>\n<td>80x40x160 cm<\/td>\n<td>40x40x40 cm<\/td>\n<td>\u00a0for 8 person<\/td>\n<td>M-9MS-S04<\/td>\n<\/tr>\n<tr>\n<td>80x40x120 cm<\/td>\n<td>40x40x40 cm<\/td>\n<td>\u00a0for 6 person<\/td>\n<td>M-9MS-S05<\/td>\n<\/tr>\n<tr>\n<td>40x40x160 cm<\/td>\n<td>40x40x40 cm<\/td>\n<td>\u00a0for 4 person<\/td>\n<td>M-9MS-S06<\/td>\n<\/tr>\n<tr>\n<td>40x40x120 cm<\/td>\n<td>40x40x40 cm<\/td>\n<td>\u00a0for 3 person<\/td>\n<td>M-9MS-S07<\/td>\n<\/tr>\n<\/tbody>\n<\/table>\n<p>&nbsp;<\/p>\n<p>[\/vc_column_text]<\/div>\n<div class=\"qode-advanced-tab-container\" id=\"tab-suitable-with-this-cabinet-318\" data-icon-pack=\"\" data-icon-html=\"\">[vc_row_inner row_type=&#8221;row&#8221; type=&#8221;full_width&#8221; text_align=&#8221;left&#8221; css_animation=&#8221;&#8221;][vc_column_inner]<div class=\"woocommerce columns-3 \"><\/div>[\/vc_column_inner][\/vc_row_inner]<\/div>\n<p><\/div>[\/vc_column][\/vc_row]<\/p>\n<\/div>","protected":false},"excerpt":{"rendered":"<p>Bring your classes to life with multiple color options&#8230;<\/p>\n","protected":false},"featured_media":1328,"template":"","meta":{"_monsterinsights_skip_tracking":false,"_monsterinsights_sitenote_active":false,"_monsterinsights_sitenote_note":"","_monsterinsights_sitenote_category":0},"product_cat":[282],"product_tag":[],"class_list":{"0":"post-2657","1":"product","2":"type-product","3":"status-publish","4":"has-post-thumbnail","6":"product_cat-storage-cabinets","8":"first","9":"instock","10":"shipping-taxable","11":"purchasable","12":"product-type-variable"},"yoast_head":"<!-- This site is optimized with the Yoast SEO plugin v26.0 - https:\/\/yoast.com\/wordpress\/plugins\/seo\/ -->\n<title>Emko Mira Student Locker &#8211; Emko Education Solutions<\/title>\n<meta name=\"robots\" content=\"index, follow, max-snippet:-1, max-image-preview:large, max-video-preview:-1\" \/>\n<link rel=\"canonical\" href=\"https:\/\/ee.com.tr\/en\/product-detail\/86-emko-mira-student-locker\/\" \/>\n<meta property=\"og:locale\" content=\"en_US\" \/>\n<meta property=\"og:type\" content=\"article\" \/>\n<meta property=\"og:title\" content=\"Emko Mira Student Locker &#8211; Emko Education Solutions\" \/>\n<meta property=\"og:description\" content=\"Bring your classes to life with multiple color options...\" \/>\n<meta property=\"og:url\" content=\"https:\/\/ee.com.tr\/en\/product-detail\/86-emko-mira-student-locker\/\" \/>\n<meta property=\"og:site_name\" content=\"Emko Education Solutions\" \/>\n<meta property=\"article:modified_time\" content=\"2019-07-29T12:15:27+00:00\" \/>\n<meta property=\"og:image\" content=\"https:\/\/ee.com.tr\/wp-content\/uploads\/2018\/10\/EMKO-M\u0130RA-\u00d6\u011eRENC\u0130-DOLABI-.jpg\" \/>\n\t<meta property=\"og:image:width\" content=\"1000\" \/>\n\t<meta property=\"og:image:height\" content=\"1405\" \/>\n\t<meta property=\"og:image:type\" content=\"image\/jpeg\" \/>\n<meta name=\"twitter:card\" content=\"summary_large_image\" \/>\n<meta name=\"twitter:label1\" content=\"Est. reading time\" \/>\n\t<meta name=\"twitter:data1\" content=\"3 minutes\" \/>\n<script type=\"application\/ld+json\" class=\"yoast-schema-graph\">{\"@context\":\"https:\/\/schema.org\",\"@graph\":[{\"@type\":\"WebPage\",\"@id\":\"https:\/\/ee.com.tr\/en\/product-detail\/86-emko-mira-student-locker\/\",\"url\":\"https:\/\/ee.com.tr\/en\/product-detail\/86-emko-mira-student-locker\/\",\"name\":\"Emko Mira Student Locker &#8211; Emko Education Solutions\",\"isPartOf\":{\"@id\":\"https:\/\/ee.com.tr\/#website\"},\"primaryImageOfPage\":{\"@id\":\"https:\/\/ee.com.tr\/en\/product-detail\/86-emko-mira-student-locker\/#primaryimage\"},\"image\":{\"@id\":\"https:\/\/ee.com.tr\/en\/product-detail\/86-emko-mira-student-locker\/#primaryimage\"},\"thumbnailUrl\":\"https:\/\/ee.com.tr\/wp-content\/uploads\/2018\/10\/EMKO-M\u0130RA-\u00d6\u011eRENC\u0130-DOLABI-.jpg\",\"datePublished\":\"2019-03-26T16:53:23+00:00\",\"dateModified\":\"2019-07-29T12:15:27+00:00\",\"breadcrumb\":{\"@id\":\"https:\/\/ee.com.tr\/en\/product-detail\/86-emko-mira-student-locker\/#breadcrumb\"},\"inLanguage\":\"en-US\",\"potentialAction\":[{\"@type\":\"ReadAction\",\"target\":[\"https:\/\/ee.com.tr\/en\/product-detail\/86-emko-mira-student-locker\/\"]}]},{\"@type\":\"ImageObject\",\"inLanguage\":\"en-US\",\"@id\":\"https:\/\/ee.com.tr\/en\/product-detail\/86-emko-mira-student-locker\/#primaryimage\",\"url\":\"https:\/\/ee.com.tr\/wp-content\/uploads\/2018\/10\/EMKO-M\u0130RA-\u00d6\u011eRENC\u0130-DOLABI-.jpg\",\"contentUrl\":\"https:\/\/ee.com.tr\/wp-content\/uploads\/2018\/10\/EMKO-M\u0130RA-\u00d6\u011eRENC\u0130-DOLABI-.jpg\",\"width\":1000,\"height\":1405,\"caption\":\"EMKO M\u0130RA \u00d6\u011eRENC\u0130 DOLABI\"},{\"@type\":\"BreadcrumbList\",\"@id\":\"https:\/\/ee.com.tr\/en\/product-detail\/86-emko-mira-student-locker\/#breadcrumb\",\"itemListElement\":[{\"@type\":\"ListItem\",\"position\":1,\"name\":\"Ana sayfa\",\"item\":\"https:\/\/ee.com.tr\/en\/\"},{\"@type\":\"ListItem\",\"position\":2,\"name\":\"Products\",\"item\":\"https:\/\/ee.com.tr\/en\/shop\/\"},{\"@type\":\"ListItem\",\"position\":3,\"name\":\"Emko Mira Student Locker\"}]},{\"@type\":\"WebSite\",\"@id\":\"https:\/\/ee.com.tr\/#website\",\"url\":\"https:\/\/ee.com.tr\/\",\"name\":\"Emkoedu\",\"description\":\"E\u011fitimin oldu\u011fu her yerdeyiz\",\"publisher\":{\"@id\":\"https:\/\/ee.com.tr\/#organization\"},\"potentialAction\":[{\"@type\":\"SearchAction\",\"target\":{\"@type\":\"EntryPoint\",\"urlTemplate\":\"https:\/\/ee.com.tr\/?s={search_term_string}\"},\"query-input\":{\"@type\":\"PropertyValueSpecification\",\"valueRequired\":true,\"valueName\":\"search_term_string\"}}],\"inLanguage\":\"en-US\"},{\"@type\":\"Organization\",\"@id\":\"https:\/\/ee.com.tr\/#organization\",\"name\":\"Emkoedu\",\"url\":\"https:\/\/ee.com.tr\/\",\"logo\":{\"@type\":\"ImageObject\",\"inLanguage\":\"en-US\",\"@id\":\"https:\/\/ee.com.tr\/#\/schema\/logo\/image\/\",\"url\":\"https:\/\/ee.com.tr\/wp-content\/uploads\/2018\/08\/sitemgr_photo_624.png\",\"contentUrl\":\"https:\/\/ee.com.tr\/wp-content\/uploads\/2018\/08\/sitemgr_photo_624.png\",\"width\":800,\"height\":206,\"caption\":\"Emkoedu\"},\"image\":{\"@id\":\"https:\/\/ee.com.tr\/#\/schema\/logo\/image\/\"}}]}<\/script>\n<!-- \/ Yoast SEO plugin. -->","yoast_head_json":{"title":"Emko Mira Student Locker &#8211; Emko Education Solutions","robots":{"index":"index","follow":"follow","max-snippet":"max-snippet:-1","max-image-preview":"max-image-preview:large","max-video-preview":"max-video-preview:-1"},"canonical":"https:\/\/ee.com.tr\/en\/product-detail\/86-emko-mira-student-locker\/","og_locale":"en_US","og_type":"article","og_title":"Emko Mira Student Locker &#8211; Emko Education Solutions","og_description":"Bring your classes to life with multiple color options...","og_url":"https:\/\/ee.com.tr\/en\/product-detail\/86-emko-mira-student-locker\/","og_site_name":"Emko Education Solutions","article_modified_time":"2019-07-29T12:15:27+00:00","og_image":[{"width":1000,"height":1405,"url":"https:\/\/ee.com.tr\/wp-content\/uploads\/2018\/10\/EMKO-M\u0130RA-\u00d6\u011eRENC\u0130-DOLABI-.jpg","type":"image\/jpeg"}],"twitter_card":"summary_large_image","twitter_misc":{"Est. reading time":"3 minutes"},"schema":{"@context":"https:\/\/schema.org","@graph":[{"@type":"WebPage","@id":"https:\/\/ee.com.tr\/en\/product-detail\/86-emko-mira-student-locker\/","url":"https:\/\/ee.com.tr\/en\/product-detail\/86-emko-mira-student-locker\/","name":"Emko Mira Student Locker &#8211; Emko Education Solutions","isPartOf":{"@id":"https:\/\/ee.com.tr\/#website"},"primaryImageOfPage":{"@id":"https:\/\/ee.com.tr\/en\/product-detail\/86-emko-mira-student-locker\/#primaryimage"},"image":{"@id":"https:\/\/ee.com.tr\/en\/product-detail\/86-emko-mira-student-locker\/#primaryimage"},"thumbnailUrl":"https:\/\/ee.com.tr\/wp-content\/uploads\/2018\/10\/EMKO-M\u0130RA-\u00d6\u011eRENC\u0130-DOLABI-.jpg","datePublished":"2019-03-26T16:53:23+00:00","dateModified":"2019-07-29T12:15:27+00:00","breadcrumb":{"@id":"https:\/\/ee.com.tr\/en\/product-detail\/86-emko-mira-student-locker\/#breadcrumb"},"inLanguage":"en-US","potentialAction":[{"@type":"ReadAction","target":["https:\/\/ee.com.tr\/en\/product-detail\/86-emko-mira-student-locker\/"]}]},{"@type":"ImageObject","inLanguage":"en-US","@id":"https:\/\/ee.com.tr\/en\/product-detail\/86-emko-mira-student-locker\/#primaryimage","url":"https:\/\/ee.com.tr\/wp-content\/uploads\/2018\/10\/EMKO-M\u0130RA-\u00d6\u011eRENC\u0130-DOLABI-.jpg","contentUrl":"https:\/\/ee.com.tr\/wp-content\/uploads\/2018\/10\/EMKO-M\u0130RA-\u00d6\u011eRENC\u0130-DOLABI-.jpg","width":1000,"height":1405,"caption":"EMKO M\u0130RA \u00d6\u011eRENC\u0130 DOLABI"},{"@type":"BreadcrumbList","@id":"https:\/\/ee.com.tr\/en\/product-detail\/86-emko-mira-student-locker\/#breadcrumb","itemListElement":[{"@type":"ListItem","position":1,"name":"Ana sayfa","item":"https:\/\/ee.com.tr\/en\/"},{"@type":"ListItem","position":2,"name":"Products","item":"https:\/\/ee.com.tr\/en\/shop\/"},{"@type":"ListItem","position":3,"name":"Emko Mira Student Locker"}]},{"@type":"WebSite","@id":"https:\/\/ee.com.tr\/#website","url":"https:\/\/ee.com.tr\/","name":"Emkoedu","description":"E\u011fitimin oldu\u011fu her yerdeyiz","publisher":{"@id":"https:\/\/ee.com.tr\/#organization"},"potentialAction":[{"@type":"SearchAction","target":{"@type":"EntryPoint","urlTemplate":"https:\/\/ee.com.tr\/?s={search_term_string}"},"query-input":{"@type":"PropertyValueSpecification","valueRequired":true,"valueName":"search_term_string"}}],"inLanguage":"en-US"},{"@type":"Organization","@id":"https:\/\/ee.com.tr\/#organization","name":"Emkoedu","url":"https:\/\/ee.com.tr\/","logo":{"@type":"ImageObject","inLanguage":"en-US","@id":"https:\/\/ee.com.tr\/#\/schema\/logo\/image\/","url":"https:\/\/ee.com.tr\/wp-content\/uploads\/2018\/08\/sitemgr_photo_624.png","contentUrl":"https:\/\/ee.com.tr\/wp-content\/uploads\/2018\/08\/sitemgr_photo_624.png","width":800,"height":206,"caption":"Emkoedu"},"image":{"@id":"https:\/\/ee.com.tr\/#\/schema\/logo\/image\/"}}]}},"_links":{"self":[{"href":"https:\/\/ee.com.tr\/en\/wp-json\/wp\/v2\/product\/2657","targetHints":{"allow":["GET"]}}],"collection":[{"href":"https:\/\/ee.com.tr\/en\/wp-json\/wp\/v2\/product"}],"about":[{"href":"https:\/\/ee.com.tr\/en\/wp-json\/wp\/v2\/types\/product"}],"version-history":[{"count":0,"href":"https:\/\/ee.com.tr\/en\/wp-json\/wp\/v2\/product\/2657\/revisions"}],"wp:featuredmedia":[{"embeddable":true,"href":"https:\/\/ee.com.tr\/en\/wp-json\/wp\/v2\/media\/1328"}],"wp:attachment":[{"href":"https:\/\/ee.com.tr\/en\/wp-json\/wp\/v2\/media?parent=2657"}],"wp:term":[{"taxonomy":"product_cat","embeddable":true,"href":"https:\/\/ee.com.tr\/en\/wp-json\/wp\/v2\/product_cat?post=2657"},{"taxonomy":"product_tag","embeddable":true,"href":"https:\/\/ee.com.tr\/en\/wp-json\/wp\/v2\/product_tag?post=2657"}],"curies":[{"name":"wp","href":"https:\/\/api.w.org\/{rel}","templated":true}]}}