{"id":2663,"date":"2018-10-12T10:49:25","date_gmt":"2019-03-26T17:39:43","guid":{"rendered":"http:\/\/akilli-tahta.com\/?post_type=product&#038;p=2663"},"modified":"2019-07-29T12:17:55","modified_gmt":"2019-07-29T12:17:55","slug":"84-emko-display-student-cabinet","status":"publish","type":"product","link":"https:\/\/ee.com.tr\/en\/product-detail\/84-emko-display-student-cabinet\/","title":{"rendered":"Emko Display Student Cabinet"},"content":{"rendered":"<div class=\"wpb-content-wrapper\"><p>[vc_row css_animation=&#8221;&#8221; row_type=&#8221;row&#8221; use_row_as_full_screen_section=&#8221;no&#8221; type=&#8221;full_width&#8221; angled_section=&#8221;no&#8221; text_align=&#8221;left&#8221; background_image_as_pattern=&#8221;without_pattern&#8221;][vc_column]<div class=\"qode-advanced-tabs qode-advanced-tabs qode-advanced-horizontal-tab clearfix qode-advanced-tab-without-icon qode-advanced-tabs-column-5 clearfix\">\n\t<ul class=\"qode-advanced-tabs-nav\">\n\t\t\t\t\t<li>\n\t\t\t\t<h4>\n\t\t\t\t\t<a href=\"#tab-product-description\">\n\t\t\t\t\t\t\n\t\t\t\t\t\t\t\t\t\t\t\t\t<span class=\"qode-advanced-tab-text-after-icon\">\n\t\t\t\t\t\t\t\tProduct Description\t\t\t\t\t\t\t<\/span>\n\t\t\t\t\t\t\t\t\t\t\t<\/a>\n\t\t\t\t<\/h4>\n\t\t\t<\/li>\n\t\t\t\t\t<li>\n\t\t\t\t<h4>\n\t\t\t\t\t<a href=\"#tab-options\">\n\t\t\t\t\t\t\n\t\t\t\t\t\t\t\t\t\t\t\t\t<span class=\"qode-advanced-tab-text-after-icon\">\n\t\t\t\t\t\t\t\tOptions\t\t\t\t\t\t\t<\/span>\n\t\t\t\t\t\t\t\t\t\t\t<\/a>\n\t\t\t\t<\/h4>\n\t\t\t<\/li>\n\t\t\t\t\t<li>\n\t\t\t\t<h4>\n\t\t\t\t\t<a href=\"#tab-color-options\">\n\t\t\t\t\t\t\n\t\t\t\t\t\t\t\t\t\t\t\t\t<span class=\"qode-advanced-tab-text-after-icon\">\n\t\t\t\t\t\t\t\tColor Options\t\t\t\t\t\t\t<\/span>\n\t\t\t\t\t\t\t\t\t\t\t<\/a>\n\t\t\t\t<\/h4>\n\t\t\t<\/li>\n\t\t\t\t\t<li>\n\t\t\t\t<h4>\n\t\t\t\t\t<a href=\"#tab-product-size-and-details\">\n\t\t\t\t\t\t\n\t\t\t\t\t\t\t\t\t\t\t\t\t<span class=\"qode-advanced-tab-text-after-icon\">\n\t\t\t\t\t\t\t\tProduct Size and Details\t\t\t\t\t\t\t<\/span>\n\t\t\t\t\t\t\t\t\t\t\t<\/a>\n\t\t\t\t<\/h4>\n\t\t\t<\/li>\n\t\t\t\t\t<li>\n\t\t\t\t<h4>\n\t\t\t\t\t<a href=\"#tab-suggested-with-this-cabinet\">\n\t\t\t\t\t\t\n\t\t\t\t\t\t\t\t\t\t\t\t\t<span class=\"qode-advanced-tab-text-after-icon\">\n\t\t\t\t\t\t\t\tSuggested With this cabinet\t\t\t\t\t\t\t<\/span>\n\t\t\t\t\t\t\t\t\t\t\t<\/a>\n\t\t\t\t<\/h4>\n\t\t\t<\/li>\n\t\t\t<\/ul>\n\t<div class=\"qode-advanced-tab-container\" id=\"tab-product-description-627\" data-icon-pack=\"\" data-icon-html=\"\">[vc_row_inner row_type=&#8221;row&#8221; type=&#8221;full_width&#8221; text_align=&#8221;left&#8221; css_animation=&#8221;&#8221;][vc_column_inner width=&#8221;1\/3&#8243;][vc_single_image image=&#8221;1306&#8243; img_size=&#8221;full&#8221; qode_css_animation=&#8221;&#8221;][\/vc_column_inner][vc_column_inner el_class=&#8221;&#8221; width=&#8221;2\/3&#8243;][vc_column_text]<\/p>\n<h2>We personalized the student cabinets &#8230;<\/h2>\n<p>&nbsp;<\/p>\n<p>Children want active areas where they can express themselves.<\/p>\n<p>&nbsp;<\/p>\n<p>Display student cabinets are also\u00a0on the magnetic enamel surface on the cover in accordance with this reasoning. These individual areas allow children to engage in social interaction and contribute to personal development.<\/p>\n<p>&nbsp;<\/p>\n<p>It has ample storage capacity needed with its large internal volume.<\/p>\n<p>[\/vc_column_text][\/vc_column_inner][\/vc_row_inner]<\/div>\n<p>[vc_row css_animation=&#8221;&#8221; row_type=&#8221;row&#8221; use_row_as_full_screen_section=&#8221;no&#8221; type=&#8221;full_width&#8221; angled_section=&#8221;no&#8221; text_align=&#8221;left&#8221; background_image_as_pattern=&#8221;without_pattern&#8221;][vc_column]<div class=\"qode-advanced-tabs qode-advanced-tabs qode-advanced-horizontal-tab clearfix qode-advanced-tab-without-icon qode-advanced-tabs-column-0 clearfix\">\n\t<ul class=\"qode-advanced-tabs-nav\">\n\t\t\t<\/ul>\n\t<\/div><div class=\"qode-advanced-tab-container\" id=\"tab-options-857\" data-icon-pack=\"\" data-icon-html=\"\">[vc_row_inner row_type=&#8221;row&#8221; type=&#8221;full_width&#8221; text_align=&#8221;left&#8221; css_animation=&#8221;&#8221;][vc_column_inner width=&#8221;1\/2&#8243;][vc_single_image image=&#8221;2069&#8243; img_size=&#8221;large&#8221; qode_css_animation=&#8221;&#8221;][\/vc_column_inner][vc_column_inner el_class=&#8221;text-margin-top&#8221; width=&#8221;1\/2&#8243;][vc_column_text]<\/p>\n<p>&nbsp;<\/p>\n<div class=\"product-desc-image\"><span data-type=\"normal\"  class=\"qode_icon_shortcode  q_font_awsome_icon fa-2x pull-left \" style=\" \"><i class=\"qode_icon_font_awesome fa fa-ruler-combined qode_icon_element\" style=\"color: #000333;\" ><\/i><\/span><\/div>\n<h3 class=\"product-desc-title\">165\u00b0 Degree Hinge<\/h3>\n<hr \/>\n<p>Door of your cabinets could be opened wider and withstand more powerful impacts thanks to the 165\u00b0 degree hinge option.<\/p>\n<p>[\/vc_column_text][\/vc_column_inner][\/vc_row_inner]<\/p>\n<p>&nbsp;<\/p>\n<p>[vc_row_inner row_type=&#8221;row&#8221; type=&#8221;full_width&#8221; text_align=&#8221;right&#8221; css_animation=&#8221;&#8221;][vc_column_inner el_class=&#8221;text-margin-top&#8221; width=&#8221;1\/2&#8243;][vc_column_text]<\/p>\n<div class=\"product-desc-image\"><span data-type=\"normal\"  class=\"qode_icon_shortcode  q_font_awsome_icon fa-2x pull-left \" style=\" \"><i class=\"qode_icon_font_awesome fa fa-unlock-alt qode_icon_element\" style=\"color: #000333;\" ><\/i><\/span><\/div>\n<h3 class=\"product-desc-title\"><strong>Combination Lock<\/strong><\/h3>\n<hr \/>\n<p>With the combination\u00a0lock option you can increase your security practically with the password you will set in your cabinets.<\/p>\n<p>[\/vc_column_text][\/vc_column_inner][vc_column_inner el_class=&#8221;&#8221; width=&#8221;1\/2&#8243;][vc_single_image image=&#8221;2071&#8243; img_size=&#8221;large&#8221; qode_css_animation=&#8221;&#8221;][\/vc_column_inner][\/vc_row_inner]<\/div>\n<div class=\"qode-advanced-tab-container\" id=\"tab-color-options-143\" data-icon-pack=\"\" data-icon-html=\"\">[vc_row_inner row_type=&#8221;row&#8221; type=&#8221;full_width&#8221; text_align=&#8221;left&#8221; css_animation=&#8221;&#8221;][vc_column_inner width=&#8221;1\/3&#8243;][vc_single_image image=&#8221;2072&#8243; img_size=&#8221;large&#8221; qode_css_animation=&#8221;&#8221;][\/vc_column_inner][vc_column_inner width=&#8221;2\/3&#8243;][vc_column_text]<\/p>\n<h3 class=\"product-desc-title\">CABINET AND DOOR<\/h3>\n<p>Produced in desired color.[\/vc_column_text][\/vc_column_inner][\/vc_row_inner][vc_empty_space][vc_row_inner row_type=&#8221;row&#8221; type=&#8221;full_width&#8221; text_align=&#8221;left&#8221; css_animation=&#8221;&#8221;][vc_column_inner width=&#8221;2\/3&#8243;][vc_column_text]<\/p>\n<h3 class=\"product-desc-title\" style=\"text-align: right; display: block;\">LACQUERED HANDLE<\/h3>\n<p style=\"text-align: right;\">Produced in desired color.<\/p>\n<p>[\/vc_column_text][\/vc_column_inner][vc_column_inner width=&#8221;1\/3&#8243;][vc_single_image image=&#8221;2074&#8243; img_size=&#8221;large&#8221; qode_css_animation=&#8221;&#8221;][\/vc_column_inner][\/vc_row_inner][vc_empty_space][vc_row_inner row_type=&#8221;row&#8221; type=&#8221;full_width&#8221; text_align=&#8221;left&#8221; css_animation=&#8221;&#8221;][vc_column_inner width=&#8221;1\/3&#8243;][vc_single_image image=&#8221;2073&#8243; img_size=&#8221;large&#8221; qode_css_animation=&#8221;&#8221;][\/vc_column_inner][vc_column_inner width=&#8221;2\/3&#8243;][vc_column_text]<\/p>\n<h3 class=\"product-desc-title\">CERAMIC STEEL SURFACE<\/h3>\n<p>Produced as white ceramic steel surface.[\/vc_column_text][\/vc_column_inner][\/vc_row_inner]<\/p>\n<p><\/div><div class=\"qode-advanced-tab-container\" id=\"tab-product-size-and-details-52\" data-icon-pack=\"\" data-icon-html=\"\">[vc_column_text]<\/p>\n<table style=\"height: 280px;\" border=\"1\" width=\"731\" cellspacing=\"1\" cellpadding=\"1\">\n<tbody>\n<tr>\n<td><strong>SIZE<\/strong><\/td>\n<td><strong>COMPARTMENT MEASUREMENTS<\/strong><\/td>\n<td><strong>DESCRIPTION<\/strong><\/td>\n<td><strong>CODE<\/strong><\/td>\n<\/tr>\n<tr>\n<td>80x40x180 cm<\/td>\n<td>40x40x60 cm<\/td>\n<td>for 6 person<\/td>\n<td>\u00a0M-9DE-S01<\/td>\n<\/tr>\n<tr>\n<td>40x40x180 cm<\/td>\n<td>40x40x60 cm<\/td>\n<td>for 3 person<\/td>\n<td>M-9DE-S02<\/td>\n<\/tr>\n<tr>\n<td>80x40x200 cm<\/td>\n<td>40x40x40 cm<\/td>\n<td>\u00a0 for 10 person<\/td>\n<td>M-9DE-S03<\/td>\n<\/tr>\n<tr>\n<td>80x40x160 cm<\/td>\n<td>40x40x40 cm<\/td>\n<td>for 8 person<\/td>\n<td>M-9DE-S04<\/td>\n<\/tr>\n<tr>\n<td>80x40x120 cm<\/td>\n<td>40x40x40 cm<\/td>\n<td>for 6 person<\/td>\n<td>M-9DE-S05<\/td>\n<\/tr>\n<tr>\n<td>40x40x160 cm<\/td>\n<td>40x40x40 cm<\/td>\n<td>for 4 person<\/td>\n<td>M-9DE-S06<\/td>\n<\/tr>\n<tr>\n<td>40x40x120 cm<\/td>\n<td>40x40x40 cm<\/td>\n<td>for 3 person<\/td>\n<td>M-9DE-S07<\/td>\n<\/tr>\n<\/tbody>\n<\/table>\n<p>&nbsp;<\/p>\n<p>[\/vc_column_text]<\/div>\n<div class=\"qode-advanced-tab-container\" id=\"tab-suggested-with-this-cabinet-999\" data-icon-pack=\"\" data-icon-html=\"\">[vc_row_inner row_type=&#8221;row&#8221; type=&#8221;full_width&#8221; text_align=&#8221;left&#8221; css_animation=&#8221;&#8221;][vc_column_inner]<div class=\"woocommerce columns-3 \"><\/div>[\/vc_column_inner][\/vc_row_inner]<\/div>\n<p><\/div>[\/vc_column][\/vc_row]<\/p>\n<p style=\"text-align: left;\">\n<\/div>","protected":false},"excerpt":{"rendered":"<p>[vc_row css_animation=&#8221;&#8221; row_type=&#8221;row&#8221; use_row_as_full_screen_section=&#8221;no&#8221; type=&#8221;full_width&#8221; angled_section=&#8221;no&#8221; text_align=&#8221;left&#8221; background_image_as_pattern=&#8221;without_pattern&#8221;][vc_column][\/vc_column][\/vc_row]<\/p>\n","protected":false},"featured_media":2068,"template":"","meta":{"_monsterinsights_skip_tracking":false,"_monsterinsights_sitenote_active":false,"_monsterinsights_sitenote_note":"","_monsterinsights_sitenote_category":0},"product_cat":[282],"product_tag":[],"class_list":{"0":"post-2663","1":"product","2":"type-product","3":"status-publish","4":"has-post-thumbnail","6":"product_cat-storage-cabinets","8":"first","9":"instock","10":"shipping-taxable","11":"purchasable","12":"product-type-variable"},"yoast_head":"<!-- This site is optimized with the Yoast SEO plugin v26.0 - https:\/\/yoast.com\/wordpress\/plugins\/seo\/ -->\n<title>Emko Display Student Cabinet &#8211; Emko Education Solutions<\/title>\n<meta name=\"robots\" content=\"index, follow, max-snippet:-1, max-image-preview:large, max-video-preview:-1\" \/>\n<link rel=\"canonical\" href=\"https:\/\/ee.com.tr\/en\/product-detail\/84-emko-display-student-cabinet\/\" \/>\n<meta property=\"og:locale\" content=\"en_US\" \/>\n<meta property=\"og:type\" content=\"article\" \/>\n<meta property=\"og:title\" content=\"Emko Display Student Cabinet &#8211; Emko Education Solutions\" \/>\n<meta property=\"og:description\" content=\"[vc_row css_animation=&#8221;&#8221; row_type=&#8221;row&#8221; use_row_as_full_screen_section=&#8221;no&#8221; type=&#8221;full_width&#8221; angled_section=&#8221;no&#8221; text_align=&#8221;left&#8221; background_image_as_pattern=&#8221;without_pattern&#8221;][vc_column][\/vc_column][\/vc_row]\" \/>\n<meta property=\"og:url\" content=\"https:\/\/ee.com.tr\/en\/product-detail\/84-emko-display-student-cabinet\/\" \/>\n<meta property=\"og:site_name\" content=\"Emko Education Solutions\" \/>\n<meta property=\"article:modified_time\" content=\"2019-07-29T12:17:55+00:00\" \/>\n<meta property=\"og:image\" content=\"https:\/\/ee.com.tr\/wp-content\/uploads\/2018\/10\/EMKO-D\u0130SPLAY-\u00d6\u011eRENC\u0130-DOLABI-Resim.jpg\" \/>\n\t<meta property=\"og:image:width\" content=\"800\" \/>\n\t<meta property=\"og:image:height\" content=\"1126\" \/>\n\t<meta property=\"og:image:type\" content=\"image\/jpeg\" \/>\n<meta name=\"twitter:card\" content=\"summary_large_image\" \/>\n<meta name=\"twitter:label1\" content=\"Est. reading time\" \/>\n\t<meta name=\"twitter:data1\" content=\"4 minutes\" \/>\n<script type=\"application\/ld+json\" class=\"yoast-schema-graph\">{\"@context\":\"https:\/\/schema.org\",\"@graph\":[{\"@type\":\"WebPage\",\"@id\":\"https:\/\/ee.com.tr\/en\/product-detail\/84-emko-display-student-cabinet\/\",\"url\":\"https:\/\/ee.com.tr\/en\/product-detail\/84-emko-display-student-cabinet\/\",\"name\":\"Emko Display Student Cabinet &#8211; Emko Education Solutions\",\"isPartOf\":{\"@id\":\"https:\/\/ee.com.tr\/#website\"},\"primaryImageOfPage\":{\"@id\":\"https:\/\/ee.com.tr\/en\/product-detail\/84-emko-display-student-cabinet\/#primaryimage\"},\"image\":{\"@id\":\"https:\/\/ee.com.tr\/en\/product-detail\/84-emko-display-student-cabinet\/#primaryimage\"},\"thumbnailUrl\":\"https:\/\/ee.com.tr\/wp-content\/uploads\/2018\/10\/EMKO-D\u0130SPLAY-\u00d6\u011eRENC\u0130-DOLABI-Resim.jpg\",\"datePublished\":\"2019-03-26T17:39:43+00:00\",\"dateModified\":\"2019-07-29T12:17:55+00:00\",\"breadcrumb\":{\"@id\":\"https:\/\/ee.com.tr\/en\/product-detail\/84-emko-display-student-cabinet\/#breadcrumb\"},\"inLanguage\":\"en-US\",\"potentialAction\":[{\"@type\":\"ReadAction\",\"target\":[\"https:\/\/ee.com.tr\/en\/product-detail\/84-emko-display-student-cabinet\/\"]}]},{\"@type\":\"ImageObject\",\"inLanguage\":\"en-US\",\"@id\":\"https:\/\/ee.com.tr\/en\/product-detail\/84-emko-display-student-cabinet\/#primaryimage\",\"url\":\"https:\/\/ee.com.tr\/wp-content\/uploads\/2018\/10\/EMKO-D\u0130SPLAY-\u00d6\u011eRENC\u0130-DOLABI-Resim.jpg\",\"contentUrl\":\"https:\/\/ee.com.tr\/wp-content\/uploads\/2018\/10\/EMKO-D\u0130SPLAY-\u00d6\u011eRENC\u0130-DOLABI-Resim.jpg\",\"width\":800,\"height\":1126,\"caption\":\"EMKO D\u0130SPLAY \u00d6\u011eRENC\u0130 DOLABI-Resim\"},{\"@type\":\"BreadcrumbList\",\"@id\":\"https:\/\/ee.com.tr\/en\/product-detail\/84-emko-display-student-cabinet\/#breadcrumb\",\"itemListElement\":[{\"@type\":\"ListItem\",\"position\":1,\"name\":\"Ana sayfa\",\"item\":\"https:\/\/ee.com.tr\/en\/\"},{\"@type\":\"ListItem\",\"position\":2,\"name\":\"Products\",\"item\":\"https:\/\/ee.com.tr\/en\/shop\/\"},{\"@type\":\"ListItem\",\"position\":3,\"name\":\"Emko Display Student Cabinet\"}]},{\"@type\":\"WebSite\",\"@id\":\"https:\/\/ee.com.tr\/#website\",\"url\":\"https:\/\/ee.com.tr\/\",\"name\":\"Emkoedu\",\"description\":\"E\u011fitimin oldu\u011fu her yerdeyiz\",\"publisher\":{\"@id\":\"https:\/\/ee.com.tr\/#organization\"},\"potentialAction\":[{\"@type\":\"SearchAction\",\"target\":{\"@type\":\"EntryPoint\",\"urlTemplate\":\"https:\/\/ee.com.tr\/?s={search_term_string}\"},\"query-input\":{\"@type\":\"PropertyValueSpecification\",\"valueRequired\":true,\"valueName\":\"search_term_string\"}}],\"inLanguage\":\"en-US\"},{\"@type\":\"Organization\",\"@id\":\"https:\/\/ee.com.tr\/#organization\",\"name\":\"Emkoedu\",\"url\":\"https:\/\/ee.com.tr\/\",\"logo\":{\"@type\":\"ImageObject\",\"inLanguage\":\"en-US\",\"@id\":\"https:\/\/ee.com.tr\/#\/schema\/logo\/image\/\",\"url\":\"https:\/\/ee.com.tr\/wp-content\/uploads\/2018\/08\/sitemgr_photo_624.png\",\"contentUrl\":\"https:\/\/ee.com.tr\/wp-content\/uploads\/2018\/08\/sitemgr_photo_624.png\",\"width\":800,\"height\":206,\"caption\":\"Emkoedu\"},\"image\":{\"@id\":\"https:\/\/ee.com.tr\/#\/schema\/logo\/image\/\"}}]}<\/script>\n<!-- \/ Yoast SEO plugin. -->","yoast_head_json":{"title":"Emko Display Student Cabinet &#8211; Emko Education Solutions","robots":{"index":"index","follow":"follow","max-snippet":"max-snippet:-1","max-image-preview":"max-image-preview:large","max-video-preview":"max-video-preview:-1"},"canonical":"https:\/\/ee.com.tr\/en\/product-detail\/84-emko-display-student-cabinet\/","og_locale":"en_US","og_type":"article","og_title":"Emko Display Student Cabinet &#8211; Emko Education Solutions","og_description":"[vc_row css_animation=&#8221;&#8221; row_type=&#8221;row&#8221; use_row_as_full_screen_section=&#8221;no&#8221; type=&#8221;full_width&#8221; angled_section=&#8221;no&#8221; text_align=&#8221;left&#8221; background_image_as_pattern=&#8221;without_pattern&#8221;][vc_column][\/vc_column][\/vc_row]","og_url":"https:\/\/ee.com.tr\/en\/product-detail\/84-emko-display-student-cabinet\/","og_site_name":"Emko Education Solutions","article_modified_time":"2019-07-29T12:17:55+00:00","og_image":[{"width":800,"height":1126,"url":"https:\/\/ee.com.tr\/wp-content\/uploads\/2018\/10\/EMKO-D\u0130SPLAY-\u00d6\u011eRENC\u0130-DOLABI-Resim.jpg","type":"image\/jpeg"}],"twitter_card":"summary_large_image","twitter_misc":{"Est. reading time":"4 minutes"},"schema":{"@context":"https:\/\/schema.org","@graph":[{"@type":"WebPage","@id":"https:\/\/ee.com.tr\/en\/product-detail\/84-emko-display-student-cabinet\/","url":"https:\/\/ee.com.tr\/en\/product-detail\/84-emko-display-student-cabinet\/","name":"Emko Display Student Cabinet &#8211; Emko Education Solutions","isPartOf":{"@id":"https:\/\/ee.com.tr\/#website"},"primaryImageOfPage":{"@id":"https:\/\/ee.com.tr\/en\/product-detail\/84-emko-display-student-cabinet\/#primaryimage"},"image":{"@id":"https:\/\/ee.com.tr\/en\/product-detail\/84-emko-display-student-cabinet\/#primaryimage"},"thumbnailUrl":"https:\/\/ee.com.tr\/wp-content\/uploads\/2018\/10\/EMKO-D\u0130SPLAY-\u00d6\u011eRENC\u0130-DOLABI-Resim.jpg","datePublished":"2019-03-26T17:39:43+00:00","dateModified":"2019-07-29T12:17:55+00:00","breadcrumb":{"@id":"https:\/\/ee.com.tr\/en\/product-detail\/84-emko-display-student-cabinet\/#breadcrumb"},"inLanguage":"en-US","potentialAction":[{"@type":"ReadAction","target":["https:\/\/ee.com.tr\/en\/product-detail\/84-emko-display-student-cabinet\/"]}]},{"@type":"ImageObject","inLanguage":"en-US","@id":"https:\/\/ee.com.tr\/en\/product-detail\/84-emko-display-student-cabinet\/#primaryimage","url":"https:\/\/ee.com.tr\/wp-content\/uploads\/2018\/10\/EMKO-D\u0130SPLAY-\u00d6\u011eRENC\u0130-DOLABI-Resim.jpg","contentUrl":"https:\/\/ee.com.tr\/wp-content\/uploads\/2018\/10\/EMKO-D\u0130SPLAY-\u00d6\u011eRENC\u0130-DOLABI-Resim.jpg","width":800,"height":1126,"caption":"EMKO D\u0130SPLAY \u00d6\u011eRENC\u0130 DOLABI-Resim"},{"@type":"BreadcrumbList","@id":"https:\/\/ee.com.tr\/en\/product-detail\/84-emko-display-student-cabinet\/#breadcrumb","itemListElement":[{"@type":"ListItem","position":1,"name":"Ana sayfa","item":"https:\/\/ee.com.tr\/en\/"},{"@type":"ListItem","position":2,"name":"Products","item":"https:\/\/ee.com.tr\/en\/shop\/"},{"@type":"ListItem","position":3,"name":"Emko Display Student Cabinet"}]},{"@type":"WebSite","@id":"https:\/\/ee.com.tr\/#website","url":"https:\/\/ee.com.tr\/","name":"Emkoedu","description":"E\u011fitimin oldu\u011fu her yerdeyiz","publisher":{"@id":"https:\/\/ee.com.tr\/#organization"},"potentialAction":[{"@type":"SearchAction","target":{"@type":"EntryPoint","urlTemplate":"https:\/\/ee.com.tr\/?s={search_term_string}"},"query-input":{"@type":"PropertyValueSpecification","valueRequired":true,"valueName":"search_term_string"}}],"inLanguage":"en-US"},{"@type":"Organization","@id":"https:\/\/ee.com.tr\/#organization","name":"Emkoedu","url":"https:\/\/ee.com.tr\/","logo":{"@type":"ImageObject","inLanguage":"en-US","@id":"https:\/\/ee.com.tr\/#\/schema\/logo\/image\/","url":"https:\/\/ee.com.tr\/wp-content\/uploads\/2018\/08\/sitemgr_photo_624.png","contentUrl":"https:\/\/ee.com.tr\/wp-content\/uploads\/2018\/08\/sitemgr_photo_624.png","width":800,"height":206,"caption":"Emkoedu"},"image":{"@id":"https:\/\/ee.com.tr\/#\/schema\/logo\/image\/"}}]}},"_links":{"self":[{"href":"https:\/\/ee.com.tr\/en\/wp-json\/wp\/v2\/product\/2663","targetHints":{"allow":["GET"]}}],"collection":[{"href":"https:\/\/ee.com.tr\/en\/wp-json\/wp\/v2\/product"}],"about":[{"href":"https:\/\/ee.com.tr\/en\/wp-json\/wp\/v2\/types\/product"}],"version-history":[{"count":0,"href":"https:\/\/ee.com.tr\/en\/wp-json\/wp\/v2\/product\/2663\/revisions"}],"wp:featuredmedia":[{"embeddable":true,"href":"https:\/\/ee.com.tr\/en\/wp-json\/wp\/v2\/media\/2068"}],"wp:attachment":[{"href":"https:\/\/ee.com.tr\/en\/wp-json\/wp\/v2\/media?parent=2663"}],"wp:term":[{"taxonomy":"product_cat","embeddable":true,"href":"https:\/\/ee.com.tr\/en\/wp-json\/wp\/v2\/product_cat?post=2663"},{"taxonomy":"product_tag","embeddable":true,"href":"https:\/\/ee.com.tr\/en\/wp-json\/wp\/v2\/product_tag?post=2663"}],"curies":[{"name":"wp","href":"https:\/\/api.w.org\/{rel}","templated":true}]}}