{"id":2993,"date":"2018-08-29T15:57:02","date_gmt":"2019-03-30T15:08:12","guid":{"rendered":"http:\/\/akilli-tahta.com\/?post_type=product&#038;p=2993"},"modified":"2019-07-29T12:27:41","modified_gmt":"2019-07-29T12:27:41","slug":"112-note-boards","status":"publish","type":"product","link":"https:\/\/ee.com.tr\/en\/product-detail\/112-note-boards\/","title":{"rendered":"Note Boards"},"content":{"rendered":"<div class=\"wpb-content-wrapper\"><p>[vc_row css_animation=&#8221;&#8221; row_type=&#8221;row&#8221; use_row_as_full_screen_section=&#8221;no&#8221; type=&#8221;full_width&#8221; angled_section=&#8221;no&#8221; text_align=&#8221;left&#8221; background_image_as_pattern=&#8221;without_pattern&#8221;][vc_column]<div class=\"qode-advanced-tabs qode-advanced-tabs qode-advanced-horizontal-tab clearfix qode-advanced-tab-without-icon qode-advanced-tabs-column-4 clearfix\">\n\t<ul class=\"qode-advanced-tabs-nav\">\n\t\t\t\t\t<li>\n\t\t\t\t<h4>\n\t\t\t\t\t<a href=\"#tab-product-description\">\n\t\t\t\t\t\t\n\t\t\t\t\t\t\t\t\t\t\t\t\t<span class=\"qode-advanced-tab-text-after-icon\">\n\t\t\t\t\t\t\t\tProduct Description\t\t\t\t\t\t\t<\/span>\n\t\t\t\t\t\t\t\t\t\t\t<\/a>\n\t\t\t\t<\/h4>\n\t\t\t<\/li>\n\t\t\t\t\t<li>\n\t\t\t\t<h4>\n\t\t\t\t\t<a href=\"#tab-color-options\">\n\t\t\t\t\t\t\n\t\t\t\t\t\t\t\t\t\t\t\t\t<span class=\"qode-advanced-tab-text-after-icon\">\n\t\t\t\t\t\t\t\tColor Options\t\t\t\t\t\t\t<\/span>\n\t\t\t\t\t\t\t\t\t\t\t<\/a>\n\t\t\t\t<\/h4>\n\t\t\t<\/li>\n\t\t\t\t\t<li>\n\t\t\t\t<h4>\n\t\t\t\t\t<a href=\"#tab-product-size-and-details\">\n\t\t\t\t\t\t\n\t\t\t\t\t\t\t\t\t\t\t\t\t<span class=\"qode-advanced-tab-text-after-icon\">\n\t\t\t\t\t\t\t\tProduct Size and Details\t\t\t\t\t\t\t<\/span>\n\t\t\t\t\t\t\t\t\t\t\t<\/a>\n\t\t\t\t<\/h4>\n\t\t\t<\/li>\n\t\t\t\t\t<li>\n\t\t\t\t<h4>\n\t\t\t\t\t<a href=\"#tab-suggested-with-the-noteboard\">\n\t\t\t\t\t\t\n\t\t\t\t\t\t\t\t\t\t\t\t\t<span class=\"qode-advanced-tab-text-after-icon\">\n\t\t\t\t\t\t\t\tSuggested with the Noteboard\t\t\t\t\t\t\t<\/span>\n\t\t\t\t\t\t\t\t\t\t\t<\/a>\n\t\t\t\t<\/h4>\n\t\t\t<\/li>\n\t\t\t<\/ul>\n\t<div class=\"qode-advanced-tab-container\" id=\"tab-product-description-957\" data-icon-pack=\"\" data-icon-html=\"\">[vc_row_inner row_type=&#8221;row&#8221; type=&#8221;full_width&#8221; text_align=&#8221;left&#8221; css_animation=&#8221;&#8221;][vc_column_inner width=&#8221;1\/2&#8243;][vc_single_image image=&#8221;536&#8243; img_size=&#8221;large&#8221; qode_css_animation=&#8221;&#8221;][\/vc_column_inner][vc_column_inner width=&#8221;1\/2&#8243;][vc_column_text]<\/p>\n<h2>Elegant design meets functionality&#8230;<\/h2>\n<p>&nbsp;<\/p>\n<p>Emko NoteBoard; the perfect harmony of the fabric bulletin board and the AirBoard will be the centerpiece of your working space. You can use Emko NoteBoard to enrich your presentations as well as write on its ceramic steel surface to share your ideas with the rest.<\/p>\n<p>&nbsp;<\/p>\n<p>Thanks to the magnetic properties of our steel ceramic enamel surfaces, functionality has been used.<\/p>\n<p>&nbsp;<\/p>\n<p><strong>Please specify the 2nd pinboard&#8217;s fabric color in the contact section.<\/strong><\/p>\n<p>[\/vc_column_text][\/vc_column_inner][\/vc_row_inner]<\/div>\n<div class=\"qode-advanced-tab-container\" id=\"tab-color-options-743\" data-icon-pack=\"\" data-icon-html=\"\"><\/p>\n<h2 style=\"text-align: center;\"><strong>Ceramic Steel Surface Options<\/strong><\/h2>\n<p style=\"text-align: center;\">[vc_separator type=&#8217;normal&#8217; position=&#8217;center&#8217; color=&#8221; thickness=&#8221; up=&#8221; down=&#8221;]<\/p>\n<p style=\"text-align: center;\">The surfaces of all our ceramic steel writing boards are guaranteed for 50 years. Ceramic steel surfaces are resistant to scratch or any kind of damage even when its subjected to impact, flame or extreme sunshine.<\/p>\n<p>&nbsp;<\/p>\n<p style=\"text-align: center;\">[vc_row_inner row_type=&#8221;row&#8221; type=&#8221;full_width&#8221; text_align=&#8221;left&#8221; css_animation=&#8221;&#8221;][vc_column_inner width=&#8221;1\/5&#8243;]<div class=\"q_image_with_text_over q_iwto_hover\"><div class=\"shader\" style=\"background-color: rgba(0,0,0,0.01)\"><\/div><div class=\"shader_hover\" style=\"background-color: #7c7c7c\"><\/div><img decoding=\"async\" itemprop=\"image\" src=\"https:\/\/ee.com.tr\/wp-content\/uploads\/2018\/08\/whiteflat.jpg\" alt=\"Beyaz Emaye - D\u00fcz Y\u00fczey\" \/><div class=\"text\"><table><tr><td><h3 class=\"caption no_icon\" style=\"color: #ffffff;\"><\/h3><\/td><\/tr><\/table><table><tr><td><div class=\"desc\"><\/p>\n<p style=\"text-align: center;\">White Ceramic Steel &#8211; Flat Surface<\/p>\n<p style=\"text-align: center;\"><\/div><\/td><\/tr><\/table><\/div><\/div>[\/vc_column_inner][vc_column_inner width=&#8221;1\/5&#8243;]<div class=\"q_image_with_text_over q_iwto_hover\"><div class=\"shader\" style=\"background-color: rgba(0,0,0,0.01)\"><\/div><div class=\"shader_hover\" style=\"background-color: #7c7c7c\"><\/div><img decoding=\"async\" itemprop=\"image\" src=\"https:\/\/ee.com.tr\/wp-content\/uploads\/2018\/08\/silkmatteflat.jpg\" alt=\"\u0130pek Mat Emaye - D\u00fcz Y\u00fczey\" \/><div class=\"text\"><table><tr><td><h3 class=\"caption no_icon\" style=\"color: #ffffff;\"><\/h3><\/td><\/tr><\/table><table><tr><td><div class=\"desc\"><\/p>\n<p style=\"text-align: center;\">Silk Matte Ceramic Steel &#8211; Flat Surface<\/p>\n<p><\/div><\/td><\/tr><\/table><\/div><\/div>[\/vc_column_inner][\/vc_row_inner]<\/p>\n<p>&nbsp;<\/p>\n<p>&nbsp;<\/p>\n<h3 class=\"product-desc-title\" style=\"text-align: center;\">Fabric Options<\/h3>\n<p style=\"text-align: center;\">[vc_separator type=&#8217;normal&#8217; position=&#8217;center&#8217; color=&#8221; thickness=&#8221; up=&#8221; down=&#8221;]<\/p>\n<p>We offer different color options and quality fabrics during our production of all our notice boards.<\/p>\n<p>&nbsp;<\/p>\n<p>[vc_row_inner row_type=&#8221;row&#8221; type=&#8221;full_width&#8221; text_align=&#8221;left&#8221; css_animation=&#8221;&#8221;][vc_column_inner width=&#8221;1\/5&#8243;]<div class=\"q_image_with_text_over q_iwto_hover\"><div class=\"shader\" style=\"background-color: rgba(0,0,0,0.01)\"><\/div><div class=\"shader_hover\" style=\"background-color: #7c7c7c\"><\/div><img decoding=\"async\" itemprop=\"image\" src=\"https:\/\/ee.com.tr\/wp-content\/uploads\/2018\/08\/mantar.jpg\" alt=\"\" \/><div class=\"text\"><table><tr><td><h3 class=\"caption no_icon\" style=\"color: #ffffff;\"><\/h3><\/td><\/tr><\/table><table><tr><td><div class=\"desc\"><\/p>\n<p style=\"text-align: center;\">Cork Fabric<\/p>\n<p><\/div><\/td><\/tr><\/table><\/div><\/div>[\/vc_column_inner][vc_column_inner width=&#8221;1\/5&#8243;]<div class=\"q_image_with_text_over q_iwto_hover\"><div class=\"shader\" style=\"background-color: rgba(0,0,0,0.01)\"><\/div><div class=\"shader_hover\" style=\"background-color: #7c7c7c\"><\/div><img decoding=\"async\" itemprop=\"image\" src=\"https:\/\/ee.com.tr\/wp-content\/uploads\/2018\/09\/bordo.jpg\" alt=\"\" \/><div class=\"text\"><table><tr><td><h3 class=\"caption no_icon\" style=\"color: #ffffff;\"><\/h3><\/td><\/tr><\/table><table><tr><td><div class=\"desc\"><\/p>\n<p style=\"text-align: center;\">Claret Red Fabric<\/p>\n<p><\/div><\/td><\/tr><\/table><\/div><\/div>[\/vc_column_inner][vc_column_inner width=&#8221;1\/5&#8243;]<div class=\"q_image_with_text_over q_iwto_hover\"><div class=\"shader\" style=\"background-color: rgba(0,0,0,0.01)\"><\/div><div class=\"shader_hover\" style=\"background-color: #7c7c7c\"><\/div><img decoding=\"async\" itemprop=\"image\" src=\"https:\/\/ee.com.tr\/wp-content\/uploads\/2018\/09\/mavi.jpg\" alt=\"\" \/><div class=\"text\"><table><tr><td><h3 class=\"caption no_icon\" style=\"color: #ffffff;\"><\/h3><\/td><\/tr><\/table><table><tr><td><div class=\"desc\"><\/p>\n<p style=\"text-align: center;\">Blue Fabric<\/p>\n<p><\/div><\/td><\/tr><\/table><\/div><\/div>[\/vc_column_inner][vc_column_inner width=&#8221;1\/5&#8243;]<div class=\"q_image_with_text_over q_iwto_hover\"><div class=\"shader\" style=\"background-color: rgba(0,0,0,0.01)\"><\/div><div class=\"shader_hover\" style=\"background-color: #7c7c7c\"><\/div><img decoding=\"async\" itemprop=\"image\" src=\"https:\/\/ee.com.tr\/wp-content\/uploads\/2018\/09\/gri.jpg\" alt=\"\" \/><div class=\"text\"><table><tr><td><h3 class=\"caption no_icon\" style=\"color: #ffffff;\"><\/h3><\/td><\/tr><\/table><table><tr><td><div class=\"desc\"><\/p>\n<p style=\"text-align: center;\">Gray Fabric<\/p>\n<p><\/div><\/td><\/tr><\/table><\/div><\/div>[\/vc_column_inner][vc_column_inner width=&#8221;1\/5&#8243;]<div class=\"q_image_with_text_over q_iwto_hover\"><div class=\"shader\" style=\"background-color: rgba(0,0,0,0.01)\"><\/div><div class=\"shader_hover\" style=\"background-color: #7c7c7c\"><\/div><img decoding=\"async\" itemprop=\"image\" src=\"https:\/\/ee.com.tr\/wp-content\/uploads\/2018\/08\/greenflat.jpg\" alt=\"Ye\u015fil Emaye - D\u00fcz Y\u00fczey\" \/><div class=\"text\"><table><tr><td><h3 class=\"caption no_icon\" style=\"color: #ffffff;\"><\/h3><\/td><\/tr><\/table><table><tr><td><div class=\"desc\"><\/p>\n<p style=\"text-align: center;\">Green Fabric<\/p>\n<p><\/div><\/td><\/tr><\/table><\/div><\/div>[\/vc_column_inner][\/vc_row_inner][vc_empty_space][vc_row_inner row_type=&#8221;row&#8221; type=&#8221;full_width&#8221; text_align=&#8221;left&#8221; css_animation=&#8221;&#8221;][vc_column_inner width=&#8221;1\/5&#8243;]<div class=\"q_image_with_text_over q_iwto_hover\"><div class=\"shader\" style=\"background-color: rgba(0,0,0,0.01)\"><\/div><div class=\"shader_hover\" style=\"background-color: #7c7c7c\"><\/div><img decoding=\"async\" itemprop=\"image\" src=\"https:\/\/ee.com.tr\/wp-content\/uploads\/2019\/04\/fistik-yesili-150x150-1.jpg\" alt=\"\" \/><div class=\"text\"><table><tr><td><h3 class=\"caption no_icon\" style=\"color: #ffffff;\"><\/h3><\/td><\/tr><\/table><table><tr><td><div class=\"desc\"><\/p>\n<p style=\"text-align: center;\">Pistachio Green Fabric<\/p>\n<p><\/div><\/td><\/tr><\/table><\/div><\/div>[\/vc_column_inner][vc_column_inner width=&#8221;1\/5&#8243;]<div class=\"q_image_with_text_over q_iwto_hover\"><div class=\"shader\" style=\"background-color: rgba(0,0,0,0.01)\"><\/div><div class=\"shader_hover\" style=\"background-color: #7c7c7c\"><\/div><img decoding=\"async\" itemprop=\"image\" src=\"https:\/\/ee.com.tr\/wp-content\/uploads\/2018\/09\/bej.jpg\" alt=\"\" \/><div class=\"text\"><table><tr><td><h3 class=\"caption no_icon\" style=\"color: #ffffff;\"><\/h3><\/td><\/tr><\/table><table><tr><td><div class=\"desc\"><\/p>\n<p style=\"text-align: center;\">Beige Fabric<\/p>\n<p><\/div><\/td><\/tr><\/table><\/div><\/div>[\/vc_column_inner][vc_column_inner width=&#8221;1\/5&#8243;]<div class=\"q_image_with_text_over q_iwto_hover\"><div class=\"shader\" style=\"background-color: rgba(0,0,0,0.01)\"><\/div><div class=\"shader_hover\" style=\"background-color: #7c7c7c\"><\/div><img decoding=\"async\" itemprop=\"image\" src=\"https:\/\/ee.com.tr\/wp-content\/uploads\/2018\/09\/turuncu.jpg\" alt=\"\" \/><div class=\"text\"><table><tr><td><h3 class=\"caption no_icon\" style=\"color: #ffffff;\"><\/h3><\/td><\/tr><\/table><table><tr><td><div class=\"desc\"><\/p>\n<p style=\"text-align: center;\">Orange Fabric<\/p>\n<p><\/div><\/td><\/tr><\/table><\/div><\/div>[\/vc_column_inner][vc_column_inner width=&#8221;1\/5&#8243;]<div class=\"q_image_with_text_over q_iwto_hover\"><div class=\"shader\" style=\"background-color: rgba(0,0,0,0.01)\"><\/div><div class=\"shader_hover\" style=\"background-color: #7c7c7c\"><\/div><img decoding=\"async\" itemprop=\"image\" src=\"https:\/\/ee.com.tr\/wp-content\/uploads\/2018\/09\/kirmizi.jpg\" alt=\"\" \/><div class=\"text\"><table><tr><td><h3 class=\"caption no_icon\" style=\"color: #ffffff;\"><\/h3><\/td><\/tr><\/table><table><tr><td><div class=\"desc\"><\/p>\n<p style=\"text-align: center;\">Red Fabric<\/p>\n<p><\/div><\/td><\/tr><\/table><\/div><\/div>[\/vc_column_inner][\/vc_row_inner]<\/p>\n<p><\/div>\n<div class=\"qode-advanced-tab-container\" id=\"tab-product-size-and-details-201\" data-icon-pack=\"\" data-icon-html=\"\">[vc_column_text]<\/p>\n<h2 style=\"text-align: center;\">AirBoard Sizes<\/h2>\n<p>&nbsp;<\/p>\n<table style=\"height: 313px;\" border=\"1\" width=\"574\" cellspacing=\"1\" cellpadding=\"1\">\n<tbody>\n<tr>\n<td><strong>WHITE<\/strong><\/td>\n<td><strong>CODE<\/strong><\/td>\n<td><strong>SIZE<\/strong><\/td>\n<\/tr>\n<tr>\n<td><\/td>\n<td>01 AIR 1230<\/td>\n<td>120&#215;300 cm<\/td>\n<\/tr>\n<tr>\n<td><\/td>\n<td>01 AIR 1227<\/td>\n<td>120&#215;270 cm<\/td>\n<\/tr>\n<tr>\n<td><\/td>\n<td>01 AIR 1224<\/td>\n<td>120&#215;240 cm<\/td>\n<\/tr>\n<tr>\n<td><\/td>\n<td>01 AIR 1220<\/td>\n<td>120&#215;200 cm<\/td>\n<\/tr>\n<tr>\n<td><\/td>\n<td>01 AIR 1215<\/td>\n<td>120&#215;150 cm<\/td>\n<\/tr>\n<tr>\n<td><\/td>\n<td>01 AIR 1212<\/td>\n<td>120&#215;120 cm<\/td>\n<\/tr>\n<tr>\n<td><\/td>\n<td>01 AIR 0912<\/td>\n<td>90&#215;120 cm<\/td>\n<\/tr>\n<tr>\n<td><\/td>\n<td>01 AIR 0906<\/td>\n<td>90&#215;60 cm<\/td>\n<\/tr>\n<tr>\n<td><\/td>\n<td>01 AIR 1524<\/td>\n<td>150&#215;240 cm<\/td>\n<\/tr>\n<tr>\n<td><\/td>\n<td>01 AIR 1522<\/td>\n<td>150&#215;220 cm<\/td>\n<\/tr>\n<\/tbody>\n<\/table>\n<p>&nbsp;<\/p>\n<table style=\"height: 299px;\" border=\"1\" width=\"575\" cellspacing=\"1\" cellpadding=\"1\">\n<tbody>\n<tr>\n<td><strong>SILK MATTE<\/strong><\/td>\n<td><strong>CODE<\/strong><\/td>\n<td><strong>SIZE<\/strong><\/td>\n<\/tr>\n<tr>\n<td><\/td>\n<td>02 AIR 1230<\/td>\n<td>120&#215;300 cm<\/td>\n<\/tr>\n<tr>\n<td><\/td>\n<td>02 AIR 1227<\/td>\n<td>120&#215;270 cm<\/td>\n<\/tr>\n<tr>\n<td><\/td>\n<td>02 AIR 1224<\/td>\n<td>120&#215;240 cm<\/td>\n<\/tr>\n<tr>\n<td><\/td>\n<td>02 AIR 1220<\/td>\n<td>120&#215;200 cm<\/td>\n<\/tr>\n<tr>\n<td><\/td>\n<td>02 AIR 1215<\/td>\n<td>120&#215;150 cm<\/td>\n<\/tr>\n<tr>\n<td><\/td>\n<td>02 AIR 1212<\/td>\n<td>120&#215;120 cm<\/td>\n<\/tr>\n<tr>\n<td><\/td>\n<td>02 AIR 0912<\/td>\n<td>90&#215;120 cm<\/td>\n<\/tr>\n<tr>\n<td><\/td>\n<td>02 AIR 0906<\/td>\n<td>90&#215;60 cm<\/td>\n<\/tr>\n<tr>\n<td><\/td>\n<td>02 AIR 1524<\/td>\n<td>150&#215;240 cm<\/td>\n<\/tr>\n<tr>\n<td><\/td>\n<td>02 AIR 1522<\/td>\n<td>150&#215;220 cm<\/td>\n<\/tr>\n<\/tbody>\n<\/table>\n<h2><\/h2>\n<p>&nbsp;<\/p>\n<h2 style=\"text-align: center;\">Pinboard Sizes<\/h2>\n<p>&nbsp;<\/p>\n<table style=\"height: 299px;\" border=\"1\" width=\"575\" cellspacing=\"1\" cellpadding=\"1\">\n<tbody>\n<tr>\n<td><strong>CODE<\/strong><\/td>\n<td><strong>SIZE<\/strong><\/td>\n<\/tr>\n<tr>\n<td>50 NDK 1218<\/td>\n<td>120&#215;180 cm<\/td>\n<\/tr>\n<tr>\n<td>50 NDK 1215<\/td>\n<td>120&#215;150 cm<\/td>\n<\/tr>\n<tr>\n<td>50 NDK 0915<\/td>\n<td>90&#215;150 cm<\/td>\n<\/tr>\n<tr>\n<td>50 NDK 0912<\/td>\n<td>90&#215;120 cm<\/td>\n<\/tr>\n<tr>\n<td>50 NDK 0612<\/td>\n<td>60&#215;120 cm<\/td>\n<\/tr>\n<\/tbody>\n<\/table>\n<p>[\/vc_column_text]<\/div>\n<div class=\"qode-advanced-tab-container\" id=\"tab-suggested-with-the-noteboard-857\" data-icon-pack=\"\" data-icon-html=\"\">[vc_row_inner row_type=&#8221;row&#8221; type=&#8221;full_width&#8221; text_align=&#8221;left&#8221; css_animation=&#8221;&#8221;][vc_column_inner]<div class=\"woocommerce columns-3 \"><\/div>[\/vc_column_inner][\/vc_row_inner]<\/div><\/div>[vc_empty_space][\/vc_column][\/vc_row]<\/p>\n<\/div>","protected":false},"excerpt":{"rendered":"<p>Elegant design meets functionality&#8230;<\/p>\n","protected":false},"featured_media":535,"template":"","meta":{"_monsterinsights_skip_tracking":false,"_monsterinsights_sitenote_active":false,"_monsterinsights_sitenote_note":"","_monsterinsights_sitenote_category":0},"product_cat":[251],"product_tag":[],"class_list":{"0":"post-2993","1":"product","2":"type-product","3":"status-publish","4":"has-post-thumbnail","6":"product_cat-air-boards","8":"first","9":"instock","10":"shipping-taxable","11":"purchasable","12":"product-type-variable"},"yoast_head":"<!-- This site is optimized with the Yoast SEO plugin v26.0 - https:\/\/yoast.com\/wordpress\/plugins\/seo\/ -->\n<title>Note Boards &#8211; Emko Education Solutions<\/title>\n<meta name=\"robots\" content=\"index, follow, max-snippet:-1, max-image-preview:large, max-video-preview:-1\" \/>\n<link rel=\"canonical\" href=\"https:\/\/ee.com.tr\/en\/product-detail\/112-note-boards\/\" \/>\n<meta property=\"og:locale\" content=\"en_US\" \/>\n<meta property=\"og:type\" content=\"article\" \/>\n<meta property=\"og:title\" content=\"Note Boards &#8211; Emko Education Solutions\" \/>\n<meta property=\"og:description\" content=\"Elegant design meets functionality...\" \/>\n<meta property=\"og:url\" content=\"https:\/\/ee.com.tr\/en\/product-detail\/112-note-boards\/\" \/>\n<meta property=\"og:site_name\" content=\"Emko Education Solutions\" \/>\n<meta property=\"article:modified_time\" content=\"2019-07-29T12:27:41+00:00\" \/>\n<meta property=\"og:image\" content=\"https:\/\/ee.com.tr\/wp-content\/uploads\/2018\/08\/NOTBOARD-1.jpg\" \/>\n\t<meta property=\"og:image:width\" content=\"1019\" \/>\n\t<meta property=\"og:image:height\" content=\"790\" \/>\n\t<meta property=\"og:image:type\" content=\"image\/jpeg\" \/>\n<meta name=\"twitter:card\" content=\"summary_large_image\" \/>\n<meta name=\"twitter:label1\" content=\"Est. reading time\" \/>\n\t<meta name=\"twitter:data1\" content=\"5 minutes\" \/>\n<script type=\"application\/ld+json\" class=\"yoast-schema-graph\">{\"@context\":\"https:\/\/schema.org\",\"@graph\":[{\"@type\":\"WebPage\",\"@id\":\"https:\/\/ee.com.tr\/en\/product-detail\/112-note-boards\/\",\"url\":\"https:\/\/ee.com.tr\/en\/product-detail\/112-note-boards\/\",\"name\":\"Note Boards &#8211; Emko Education Solutions\",\"isPartOf\":{\"@id\":\"https:\/\/ee.com.tr\/#website\"},\"primaryImageOfPage\":{\"@id\":\"https:\/\/ee.com.tr\/en\/product-detail\/112-note-boards\/#primaryimage\"},\"image\":{\"@id\":\"https:\/\/ee.com.tr\/en\/product-detail\/112-note-boards\/#primaryimage\"},\"thumbnailUrl\":\"https:\/\/ee.com.tr\/wp-content\/uploads\/2018\/08\/NOTBOARD-1.jpg\",\"datePublished\":\"2019-03-30T15:08:12+00:00\",\"dateModified\":\"2019-07-29T12:27:41+00:00\",\"breadcrumb\":{\"@id\":\"https:\/\/ee.com.tr\/en\/product-detail\/112-note-boards\/#breadcrumb\"},\"inLanguage\":\"en-US\",\"potentialAction\":[{\"@type\":\"ReadAction\",\"target\":[\"https:\/\/ee.com.tr\/en\/product-detail\/112-note-boards\/\"]}]},{\"@type\":\"ImageObject\",\"inLanguage\":\"en-US\",\"@id\":\"https:\/\/ee.com.tr\/en\/product-detail\/112-note-boards\/#primaryimage\",\"url\":\"https:\/\/ee.com.tr\/wp-content\/uploads\/2018\/08\/NOTBOARD-1.jpg\",\"contentUrl\":\"https:\/\/ee.com.tr\/wp-content\/uploads\/2018\/08\/NOTBOARD-1.jpg\",\"width\":1019,\"height\":790,\"caption\":\"NOTEBOARD\"},{\"@type\":\"BreadcrumbList\",\"@id\":\"https:\/\/ee.com.tr\/en\/product-detail\/112-note-boards\/#breadcrumb\",\"itemListElement\":[{\"@type\":\"ListItem\",\"position\":1,\"name\":\"Ana sayfa\",\"item\":\"https:\/\/ee.com.tr\/en\/\"},{\"@type\":\"ListItem\",\"position\":2,\"name\":\"Products\",\"item\":\"https:\/\/ee.com.tr\/en\/shop\/\"},{\"@type\":\"ListItem\",\"position\":3,\"name\":\"Note Boards\"}]},{\"@type\":\"WebSite\",\"@id\":\"https:\/\/ee.com.tr\/#website\",\"url\":\"https:\/\/ee.com.tr\/\",\"name\":\"Emkoedu\",\"description\":\"E\u011fitimin oldu\u011fu her yerdeyiz\",\"publisher\":{\"@id\":\"https:\/\/ee.com.tr\/#organization\"},\"potentialAction\":[{\"@type\":\"SearchAction\",\"target\":{\"@type\":\"EntryPoint\",\"urlTemplate\":\"https:\/\/ee.com.tr\/?s={search_term_string}\"},\"query-input\":{\"@type\":\"PropertyValueSpecification\",\"valueRequired\":true,\"valueName\":\"search_term_string\"}}],\"inLanguage\":\"en-US\"},{\"@type\":\"Organization\",\"@id\":\"https:\/\/ee.com.tr\/#organization\",\"name\":\"Emkoedu\",\"url\":\"https:\/\/ee.com.tr\/\",\"logo\":{\"@type\":\"ImageObject\",\"inLanguage\":\"en-US\",\"@id\":\"https:\/\/ee.com.tr\/#\/schema\/logo\/image\/\",\"url\":\"https:\/\/ee.com.tr\/wp-content\/uploads\/2018\/08\/sitemgr_photo_624.png\",\"contentUrl\":\"https:\/\/ee.com.tr\/wp-content\/uploads\/2018\/08\/sitemgr_photo_624.png\",\"width\":800,\"height\":206,\"caption\":\"Emkoedu\"},\"image\":{\"@id\":\"https:\/\/ee.com.tr\/#\/schema\/logo\/image\/\"}}]}<\/script>\n<!-- \/ Yoast SEO plugin. -->","yoast_head_json":{"title":"Note Boards &#8211; Emko Education Solutions","robots":{"index":"index","follow":"follow","max-snippet":"max-snippet:-1","max-image-preview":"max-image-preview:large","max-video-preview":"max-video-preview:-1"},"canonical":"https:\/\/ee.com.tr\/en\/product-detail\/112-note-boards\/","og_locale":"en_US","og_type":"article","og_title":"Note Boards &#8211; Emko Education Solutions","og_description":"Elegant design meets functionality...","og_url":"https:\/\/ee.com.tr\/en\/product-detail\/112-note-boards\/","og_site_name":"Emko Education Solutions","article_modified_time":"2019-07-29T12:27:41+00:00","og_image":[{"width":1019,"height":790,"url":"https:\/\/ee.com.tr\/wp-content\/uploads\/2018\/08\/NOTBOARD-1.jpg","type":"image\/jpeg"}],"twitter_card":"summary_large_image","twitter_misc":{"Est. reading time":"5 minutes"},"schema":{"@context":"https:\/\/schema.org","@graph":[{"@type":"WebPage","@id":"https:\/\/ee.com.tr\/en\/product-detail\/112-note-boards\/","url":"https:\/\/ee.com.tr\/en\/product-detail\/112-note-boards\/","name":"Note Boards &#8211; Emko Education Solutions","isPartOf":{"@id":"https:\/\/ee.com.tr\/#website"},"primaryImageOfPage":{"@id":"https:\/\/ee.com.tr\/en\/product-detail\/112-note-boards\/#primaryimage"},"image":{"@id":"https:\/\/ee.com.tr\/en\/product-detail\/112-note-boards\/#primaryimage"},"thumbnailUrl":"https:\/\/ee.com.tr\/wp-content\/uploads\/2018\/08\/NOTBOARD-1.jpg","datePublished":"2019-03-30T15:08:12+00:00","dateModified":"2019-07-29T12:27:41+00:00","breadcrumb":{"@id":"https:\/\/ee.com.tr\/en\/product-detail\/112-note-boards\/#breadcrumb"},"inLanguage":"en-US","potentialAction":[{"@type":"ReadAction","target":["https:\/\/ee.com.tr\/en\/product-detail\/112-note-boards\/"]}]},{"@type":"ImageObject","inLanguage":"en-US","@id":"https:\/\/ee.com.tr\/en\/product-detail\/112-note-boards\/#primaryimage","url":"https:\/\/ee.com.tr\/wp-content\/uploads\/2018\/08\/NOTBOARD-1.jpg","contentUrl":"https:\/\/ee.com.tr\/wp-content\/uploads\/2018\/08\/NOTBOARD-1.jpg","width":1019,"height":790,"caption":"NOTEBOARD"},{"@type":"BreadcrumbList","@id":"https:\/\/ee.com.tr\/en\/product-detail\/112-note-boards\/#breadcrumb","itemListElement":[{"@type":"ListItem","position":1,"name":"Ana sayfa","item":"https:\/\/ee.com.tr\/en\/"},{"@type":"ListItem","position":2,"name":"Products","item":"https:\/\/ee.com.tr\/en\/shop\/"},{"@type":"ListItem","position":3,"name":"Note Boards"}]},{"@type":"WebSite","@id":"https:\/\/ee.com.tr\/#website","url":"https:\/\/ee.com.tr\/","name":"Emkoedu","description":"E\u011fitimin oldu\u011fu her yerdeyiz","publisher":{"@id":"https:\/\/ee.com.tr\/#organization"},"potentialAction":[{"@type":"SearchAction","target":{"@type":"EntryPoint","urlTemplate":"https:\/\/ee.com.tr\/?s={search_term_string}"},"query-input":{"@type":"PropertyValueSpecification","valueRequired":true,"valueName":"search_term_string"}}],"inLanguage":"en-US"},{"@type":"Organization","@id":"https:\/\/ee.com.tr\/#organization","name":"Emkoedu","url":"https:\/\/ee.com.tr\/","logo":{"@type":"ImageObject","inLanguage":"en-US","@id":"https:\/\/ee.com.tr\/#\/schema\/logo\/image\/","url":"https:\/\/ee.com.tr\/wp-content\/uploads\/2018\/08\/sitemgr_photo_624.png","contentUrl":"https:\/\/ee.com.tr\/wp-content\/uploads\/2018\/08\/sitemgr_photo_624.png","width":800,"height":206,"caption":"Emkoedu"},"image":{"@id":"https:\/\/ee.com.tr\/#\/schema\/logo\/image\/"}}]}},"_links":{"self":[{"href":"https:\/\/ee.com.tr\/en\/wp-json\/wp\/v2\/product\/2993","targetHints":{"allow":["GET"]}}],"collection":[{"href":"https:\/\/ee.com.tr\/en\/wp-json\/wp\/v2\/product"}],"about":[{"href":"https:\/\/ee.com.tr\/en\/wp-json\/wp\/v2\/types\/product"}],"version-history":[{"count":0,"href":"https:\/\/ee.com.tr\/en\/wp-json\/wp\/v2\/product\/2993\/revisions"}],"wp:featuredmedia":[{"embeddable":true,"href":"https:\/\/ee.com.tr\/en\/wp-json\/wp\/v2\/media\/535"}],"wp:attachment":[{"href":"https:\/\/ee.com.tr\/en\/wp-json\/wp\/v2\/media?parent=2993"}],"wp:term":[{"taxonomy":"product_cat","embeddable":true,"href":"https:\/\/ee.com.tr\/en\/wp-json\/wp\/v2\/product_cat?post=2993"},{"taxonomy":"product_tag","embeddable":true,"href":"https:\/\/ee.com.tr\/en\/wp-json\/wp\/v2\/product_tag?post=2993"}],"curies":[{"name":"wp","href":"https:\/\/api.w.org\/{rel}","templated":true}]}}