{"id":3078,"date":"2018-08-28T13:00:17","date_gmt":"2019-03-31T11:10:27","guid":{"rendered":"http:\/\/akilli-tahta.com\/?post_type=product&#038;p=3078"},"modified":"2019-07-29T12:28:28","modified_gmt":"2019-07-29T12:28:28","slug":"102-walking-educations-walls","status":"publish","type":"product","link":"https:\/\/ee.com.tr\/en\/product-detail\/102-walking-educations-walls\/","title":{"rendered":"Walking Educations Walls"},"content":{"rendered":"<div class=\"wpb-content-wrapper\"><p>[vc_row css_animation=&#8221;&#8221; row_type=&#8221;row&#8221; use_row_as_full_screen_section=&#8221;no&#8221; type=&#8221;full_width&#8221; angled_section=&#8221;no&#8221; text_align=&#8221;left&#8221; background_image_as_pattern=&#8221;without_pattern&#8221;][vc_column]<div class=\"qode-advanced-tabs qode-advanced-tabs qode-advanced-horizontal-tab clearfix qode-advanced-tab-without-icon qode-advanced-tabs-column-3 clearfix\">\n\t<ul class=\"qode-advanced-tabs-nav\">\n\t\t\t\t\t<li>\n\t\t\t\t<h4>\n\t\t\t\t\t<a href=\"#tab-color-options\">\n\t\t\t\t\t\t\n\t\t\t\t\t\t\t\t\t\t\t\t\t<span class=\"qode-advanced-tab-text-after-icon\">\n\t\t\t\t\t\t\t\tColor Options\t\t\t\t\t\t\t<\/span>\n\t\t\t\t\t\t\t\t\t\t\t<\/a>\n\t\t\t\t<\/h4>\n\t\t\t<\/li>\n\t\t\t\t\t<li>\n\t\t\t\t<h4>\n\t\t\t\t\t<a href=\"#tab-product-size-and-details\">\n\t\t\t\t\t\t\n\t\t\t\t\t\t\t\t\t\t\t\t\t<span class=\"qode-advanced-tab-text-after-icon\">\n\t\t\t\t\t\t\t\tProduct Size and Details\t\t\t\t\t\t\t<\/span>\n\t\t\t\t\t\t\t\t\t\t\t<\/a>\n\t\t\t\t<\/h4>\n\t\t\t<\/li>\n\t\t\t\t\t<li>\n\t\t\t\t<h4>\n\t\t\t\t\t<a href=\"#tab-suggested-with-this-product\">\n\t\t\t\t\t\t\n\t\t\t\t\t\t\t\t\t\t\t\t\t<span class=\"qode-advanced-tab-text-after-icon\">\n\t\t\t\t\t\t\t\tSuggested with this product\t\t\t\t\t\t\t<\/span>\n\t\t\t\t\t\t\t\t\t\t\t<\/a>\n\t\t\t\t<\/h4>\n\t\t\t<\/li>\n\t\t\t<\/ul>\n\t&#8216;<\/p>\n<div class=\"qode-advanced-tab-container\" id=\"tab-color-options-78\" data-icon-pack=\"\" data-icon-html=\"\"><\/p>\n<h2 style=\"text-align: center;\"><strong>Ceramic Steel Surface Options<\/strong><\/h2>\n<p style=\"text-align: center;\">[vc_separator type=&#8217;normal&#8217; position=&#8217;center&#8217; color=&#8221; thickness=&#8221; up=&#8221; down=&#8221;]<\/p>\n<p style=\"text-align: center;\">The surfaces of all our ceramic steel writing boards are guaranteed for 50 years. Ceramic steel surfaces are resistant to scratch or any kind of damage even when its subjected to impact, flame or extreme sunshine.<\/p>\n<p>&nbsp;<\/p>\n<p style=\"text-align: center;\">[vc_row_inner row_type=&#8221;row&#8221; type=&#8221;full_width&#8221; text_align=&#8221;left&#8221; css_animation=&#8221;&#8221;][vc_column_inner width=&#8221;1\/5&#8243;]<div class=\"q_image_with_text_over q_iwto_hover\"><div class=\"shader\" style=\"background-color: rgba(0,0,0,0.01)\"><\/div><div class=\"shader_hover\" style=\"background-color: #7c7c7c\"><\/div><img decoding=\"async\" itemprop=\"image\" src=\"https:\/\/ee.com.tr\/wp-content\/uploads\/2018\/08\/whiteflat.jpg\" alt=\"Beyaz Emaye - D\u00fcz Y\u00fczey\" \/><div class=\"text\"><table><tr><td><h3 class=\"caption no_icon\" style=\"color: #ffffff;\"><\/h3><\/td><\/tr><\/table><table><tr><td><div class=\"desc\"><\/p>\n<p style=\"text-align: center;\">White Ceramic Steel &#8211; Flat Surface<\/p>\n<p style=\"text-align: center;\"><\/div><\/td><\/tr><\/table><\/div><\/div>[\/vc_column_inner][vc_column_inner width=&#8221;1\/5&#8243;]<div class=\"q_image_with_text_over q_iwto_hover\"><div class=\"shader\" style=\"background-color: rgba(0,0,0,0.01)\"><\/div><div class=\"shader_hover\" style=\"background-color: #7c7c7c\"><\/div><img decoding=\"async\" itemprop=\"image\" src=\"https:\/\/ee.com.tr\/wp-content\/uploads\/2018\/08\/blueflat.jpg\" alt=\"Mavi Emaye - D\u00fcz Y\u00fczey\" \/><div class=\"text\"><table><tr><td><h3 class=\"caption no_icon\" style=\"color: #ffffff;\"><\/h3><\/td><\/tr><\/table><table><tr><td><div class=\"desc\"><\/p>\n<p style=\"text-align: center;\">Blue Ceramic Steel &#8211; Flat Surface<\/p>\n<p style=\"text-align: center;\"><\/div><\/td><\/tr><\/table><\/div><\/div>[\/vc_column_inner][vc_column_inner width=&#8221;1\/5&#8243;]<div class=\"q_image_with_text_over q_iwto_hover\"><div class=\"shader\" style=\"background-color: rgba(0,0,0,0.01)\"><\/div><div class=\"shader_hover\" style=\"background-color: #7c7c7c\"><\/div><img decoding=\"async\" itemprop=\"image\" src=\"https:\/\/ee.com.tr\/wp-content\/uploads\/2018\/08\/greenflat.jpg\" alt=\"Ye\u015fil Emaye - D\u00fcz Y\u00fczey\" \/><div class=\"text\"><table><tr><td><h3 class=\"caption no_icon\" style=\"color: #ffffff;\"><\/h3><\/td><\/tr><\/table><table><tr><td><div class=\"desc\"><\/p>\n<p style=\"text-align: center;\">Green Ceramic Steel &#8211; Flat Surface<\/p>\n<p><\/div><\/td><\/tr><\/table><\/div><\/div>[\/vc_column_inner][\/vc_row_inner]<\/p>\n<p><\/div>\n<div class=\"qode-advanced-tab-container\" id=\"tab-product-size-and-details-652\" data-icon-pack=\"\" data-icon-html=\"\">[vc_column_text]<\/p>\n<table style=\"height: 284px;\" border=\"1\" width=\"623\" cellspacing=\"1\" cellpadding=\"1\">\n<tbody>\n<tr>\n<td><strong>SIZE<\/strong><\/td>\n<td><strong>CODE<\/strong><\/td>\n<td><strong>DESCRIPTION<\/strong><\/td>\n<td><strong>COLOR<\/strong><\/td>\n<\/tr>\n<tr>\n<td>90&#215;300 cm<\/td>\n<td>01 YE\u00c7 0930<\/td>\n<td>Double Sided<\/td>\n<td>WHITE<\/td>\n<\/tr>\n<tr>\n<td>90&#215;300 cm<\/td>\n<td>11 YE\u00c7 0930<\/td>\n<td>Double Sided<\/td>\n<td>GREEN<\/td>\n<\/tr>\n<tr>\n<td>90&#215;300 cm<\/td>\n<td>21 YE\u00c7 0930<\/td>\n<td>Double Sided<\/td>\n<td>BLUE<\/td>\n<\/tr>\n<tr>\n<td>90&#215;300 cm<\/td>\n<td>41 YE\u00c7 0930<\/td>\n<td>Double Sided<\/td>\n<td>BLACK<\/td>\n<\/tr>\n<tr>\n<td>90&#215;300 cm<\/td>\n<td>01 YET 0930<\/td>\n<td>Single Sided<\/td>\n<td>WHITE<\/td>\n<\/tr>\n<tr>\n<td>90&#215;300 cm<\/td>\n<td>11 YET 0930<\/td>\n<td>Single Sided<\/td>\n<td>GREEN<\/td>\n<\/tr>\n<tr>\n<td>90&#215;300 cm<\/td>\n<td>21 YET 0930<\/td>\n<td>Single Sided<\/td>\n<td>BLUE<\/td>\n<\/tr>\n<tr>\n<td>90&#215;300 cm<\/td>\n<td>41 YET 0930<\/td>\n<td>Single Sided<\/td>\n<td>BLACK<\/td>\n<\/tr>\n<\/tbody>\n<\/table>\n<p>[\/vc_column_text]<\/div>\n<div class=\"qode-advanced-tab-container\" id=\"tab-suggested-with-this-product-509\" data-icon-pack=\"\" data-icon-html=\"\">[vc_row_inner row_type=&#8221;row&#8221; type=&#8221;full_width&#8221; text_align=&#8221;left&#8221; css_animation=&#8221;&#8221;][vc_column_inner]<div class=\"woocommerce columns-3 \"><\/div>[\/vc_column_inner][\/vc_row_inner]<\/div><\/div>[vc_empty_space][\/vc_column][\/vc_row]<\/p>\n<\/div>","protected":false},"excerpt":{"rendered":"<h4><strong>Tailored to your needs&#8230;<\/strong><\/h4>\n<p>&nbsp;<\/p>\n<p>Walking education walls work as a divider for your space and provides a writable surface. It may be used in front of cabinets or storages, also they may be used to divide rooms with writable seperators.<\/p>\n<p>&nbsp;<\/p>\n","protected":false},"featured_media":386,"template":"","meta":{"_monsterinsights_skip_tracking":false,"_monsterinsights_sitenote_active":false,"_monsterinsights_sitenote_note":"","_monsterinsights_sitenote_category":0},"product_cat":[286],"product_tag":[],"class_list":{"0":"post-3078","1":"product","2":"type-product","3":"status-publish","4":"has-post-thumbnail","6":"product_cat-education-wall-systems","8":"first","9":"instock","10":"shipping-taxable","11":"purchasable","12":"product-type-variable"},"yoast_head":"<!-- This site is optimized with the Yoast SEO plugin v26.0 - https:\/\/yoast.com\/wordpress\/plugins\/seo\/ -->\n<title>Walking Educations Walls &#8211; Emko Education Solutions<\/title>\n<meta name=\"robots\" content=\"index, follow, max-snippet:-1, max-image-preview:large, max-video-preview:-1\" \/>\n<link rel=\"canonical\" href=\"https:\/\/ee.com.tr\/en\/product-detail\/102-walking-educations-walls\/\" \/>\n<meta property=\"og:locale\" content=\"en_US\" \/>\n<meta property=\"og:type\" content=\"article\" \/>\n<meta property=\"og:title\" content=\"Walking Educations Walls &#8211; Emko Education Solutions\" \/>\n<meta property=\"og:description\" content=\"Tailored to your needs... &nbsp;  Walking education walls work as a divider for your space and provides a writable surface. It may be used in front of cabinets or storages, also they may be used to divide rooms with writable seperators.  &nbsp;\" \/>\n<meta property=\"og:url\" content=\"https:\/\/ee.com.tr\/en\/product-detail\/102-walking-educations-walls\/\" \/>\n<meta property=\"og:site_name\" content=\"Emko Education Solutions\" \/>\n<meta property=\"article:modified_time\" content=\"2019-07-29T12:28:28+00:00\" \/>\n<meta property=\"og:image\" content=\"https:\/\/ee.com.tr\/wp-content\/uploads\/2018\/08\/Y\u00dcR\u00dcYEN-E\u011e\u0130T\u0130M-DUVARI-e1535462387376.jpg\" \/>\n\t<meta property=\"og:image:width\" content=\"1089\" \/>\n\t<meta property=\"og:image:height\" content=\"849\" \/>\n\t<meta property=\"og:image:type\" content=\"image\/jpeg\" \/>\n<meta name=\"twitter:card\" content=\"summary_large_image\" \/>\n<meta name=\"twitter:label1\" content=\"Est. reading time\" \/>\n\t<meta name=\"twitter:data1\" content=\"2 minutes\" \/>\n<script type=\"application\/ld+json\" class=\"yoast-schema-graph\">{\"@context\":\"https:\/\/schema.org\",\"@graph\":[{\"@type\":\"WebPage\",\"@id\":\"https:\/\/ee.com.tr\/en\/product-detail\/102-walking-educations-walls\/\",\"url\":\"https:\/\/ee.com.tr\/en\/product-detail\/102-walking-educations-walls\/\",\"name\":\"Walking Educations Walls &#8211; Emko Education Solutions\",\"isPartOf\":{\"@id\":\"https:\/\/ee.com.tr\/#website\"},\"primaryImageOfPage\":{\"@id\":\"https:\/\/ee.com.tr\/en\/product-detail\/102-walking-educations-walls\/#primaryimage\"},\"image\":{\"@id\":\"https:\/\/ee.com.tr\/en\/product-detail\/102-walking-educations-walls\/#primaryimage\"},\"thumbnailUrl\":\"https:\/\/ee.com.tr\/wp-content\/uploads\/2018\/08\/Y\u00dcR\u00dcYEN-E\u011e\u0130T\u0130M-DUVARI-e1535462387376.jpg\",\"datePublished\":\"2019-03-31T11:10:27+00:00\",\"dateModified\":\"2019-07-29T12:28:28+00:00\",\"breadcrumb\":{\"@id\":\"https:\/\/ee.com.tr\/en\/product-detail\/102-walking-educations-walls\/#breadcrumb\"},\"inLanguage\":\"en-US\",\"potentialAction\":[{\"@type\":\"ReadAction\",\"target\":[\"https:\/\/ee.com.tr\/en\/product-detail\/102-walking-educations-walls\/\"]}]},{\"@type\":\"ImageObject\",\"inLanguage\":\"en-US\",\"@id\":\"https:\/\/ee.com.tr\/en\/product-detail\/102-walking-educations-walls\/#primaryimage\",\"url\":\"https:\/\/ee.com.tr\/wp-content\/uploads\/2018\/08\/Y\u00dcR\u00dcYEN-E\u011e\u0130T\u0130M-DUVARI-e1535462387376.jpg\",\"contentUrl\":\"https:\/\/ee.com.tr\/wp-content\/uploads\/2018\/08\/Y\u00dcR\u00dcYEN-E\u011e\u0130T\u0130M-DUVARI-e1535462387376.jpg\",\"width\":1089,\"height\":849,\"caption\":\"Y\u00dcR\u00dcYEN E\u011e\u0130T\u0130M DUVARI\"},{\"@type\":\"BreadcrumbList\",\"@id\":\"https:\/\/ee.com.tr\/en\/product-detail\/102-walking-educations-walls\/#breadcrumb\",\"itemListElement\":[{\"@type\":\"ListItem\",\"position\":1,\"name\":\"Ana sayfa\",\"item\":\"https:\/\/ee.com.tr\/en\/\"},{\"@type\":\"ListItem\",\"position\":2,\"name\":\"Products\",\"item\":\"https:\/\/ee.com.tr\/en\/shop\/\"},{\"@type\":\"ListItem\",\"position\":3,\"name\":\"Walking Educations Walls\"}]},{\"@type\":\"WebSite\",\"@id\":\"https:\/\/ee.com.tr\/#website\",\"url\":\"https:\/\/ee.com.tr\/\",\"name\":\"Emkoedu\",\"description\":\"E\u011fitimin oldu\u011fu her yerdeyiz\",\"publisher\":{\"@id\":\"https:\/\/ee.com.tr\/#organization\"},\"potentialAction\":[{\"@type\":\"SearchAction\",\"target\":{\"@type\":\"EntryPoint\",\"urlTemplate\":\"https:\/\/ee.com.tr\/?s={search_term_string}\"},\"query-input\":{\"@type\":\"PropertyValueSpecification\",\"valueRequired\":true,\"valueName\":\"search_term_string\"}}],\"inLanguage\":\"en-US\"},{\"@type\":\"Organization\",\"@id\":\"https:\/\/ee.com.tr\/#organization\",\"name\":\"Emkoedu\",\"url\":\"https:\/\/ee.com.tr\/\",\"logo\":{\"@type\":\"ImageObject\",\"inLanguage\":\"en-US\",\"@id\":\"https:\/\/ee.com.tr\/#\/schema\/logo\/image\/\",\"url\":\"https:\/\/ee.com.tr\/wp-content\/uploads\/2018\/08\/sitemgr_photo_624.png\",\"contentUrl\":\"https:\/\/ee.com.tr\/wp-content\/uploads\/2018\/08\/sitemgr_photo_624.png\",\"width\":800,\"height\":206,\"caption\":\"Emkoedu\"},\"image\":{\"@id\":\"https:\/\/ee.com.tr\/#\/schema\/logo\/image\/\"}}]}<\/script>\n<!-- \/ Yoast SEO plugin. -->","yoast_head_json":{"title":"Walking Educations Walls &#8211; Emko Education Solutions","robots":{"index":"index","follow":"follow","max-snippet":"max-snippet:-1","max-image-preview":"max-image-preview:large","max-video-preview":"max-video-preview:-1"},"canonical":"https:\/\/ee.com.tr\/en\/product-detail\/102-walking-educations-walls\/","og_locale":"en_US","og_type":"article","og_title":"Walking Educations Walls &#8211; Emko Education Solutions","og_description":"Tailored to your needs... &nbsp;  Walking education walls work as a divider for your space and provides a writable surface. It may be used in front of cabinets or storages, also they may be used to divide rooms with writable seperators.  &nbsp;","og_url":"https:\/\/ee.com.tr\/en\/product-detail\/102-walking-educations-walls\/","og_site_name":"Emko Education Solutions","article_modified_time":"2019-07-29T12:28:28+00:00","og_image":[{"width":1089,"height":849,"url":"https:\/\/ee.com.tr\/wp-content\/uploads\/2018\/08\/Y\u00dcR\u00dcYEN-E\u011e\u0130T\u0130M-DUVARI-e1535462387376.jpg","type":"image\/jpeg"}],"twitter_card":"summary_large_image","twitter_misc":{"Est. reading time":"2 minutes"},"schema":{"@context":"https:\/\/schema.org","@graph":[{"@type":"WebPage","@id":"https:\/\/ee.com.tr\/en\/product-detail\/102-walking-educations-walls\/","url":"https:\/\/ee.com.tr\/en\/product-detail\/102-walking-educations-walls\/","name":"Walking Educations Walls &#8211; Emko Education Solutions","isPartOf":{"@id":"https:\/\/ee.com.tr\/#website"},"primaryImageOfPage":{"@id":"https:\/\/ee.com.tr\/en\/product-detail\/102-walking-educations-walls\/#primaryimage"},"image":{"@id":"https:\/\/ee.com.tr\/en\/product-detail\/102-walking-educations-walls\/#primaryimage"},"thumbnailUrl":"https:\/\/ee.com.tr\/wp-content\/uploads\/2018\/08\/Y\u00dcR\u00dcYEN-E\u011e\u0130T\u0130M-DUVARI-e1535462387376.jpg","datePublished":"2019-03-31T11:10:27+00:00","dateModified":"2019-07-29T12:28:28+00:00","breadcrumb":{"@id":"https:\/\/ee.com.tr\/en\/product-detail\/102-walking-educations-walls\/#breadcrumb"},"inLanguage":"en-US","potentialAction":[{"@type":"ReadAction","target":["https:\/\/ee.com.tr\/en\/product-detail\/102-walking-educations-walls\/"]}]},{"@type":"ImageObject","inLanguage":"en-US","@id":"https:\/\/ee.com.tr\/en\/product-detail\/102-walking-educations-walls\/#primaryimage","url":"https:\/\/ee.com.tr\/wp-content\/uploads\/2018\/08\/Y\u00dcR\u00dcYEN-E\u011e\u0130T\u0130M-DUVARI-e1535462387376.jpg","contentUrl":"https:\/\/ee.com.tr\/wp-content\/uploads\/2018\/08\/Y\u00dcR\u00dcYEN-E\u011e\u0130T\u0130M-DUVARI-e1535462387376.jpg","width":1089,"height":849,"caption":"Y\u00dcR\u00dcYEN E\u011e\u0130T\u0130M DUVARI"},{"@type":"BreadcrumbList","@id":"https:\/\/ee.com.tr\/en\/product-detail\/102-walking-educations-walls\/#breadcrumb","itemListElement":[{"@type":"ListItem","position":1,"name":"Ana sayfa","item":"https:\/\/ee.com.tr\/en\/"},{"@type":"ListItem","position":2,"name":"Products","item":"https:\/\/ee.com.tr\/en\/shop\/"},{"@type":"ListItem","position":3,"name":"Walking Educations Walls"}]},{"@type":"WebSite","@id":"https:\/\/ee.com.tr\/#website","url":"https:\/\/ee.com.tr\/","name":"Emkoedu","description":"E\u011fitimin oldu\u011fu her yerdeyiz","publisher":{"@id":"https:\/\/ee.com.tr\/#organization"},"potentialAction":[{"@type":"SearchAction","target":{"@type":"EntryPoint","urlTemplate":"https:\/\/ee.com.tr\/?s={search_term_string}"},"query-input":{"@type":"PropertyValueSpecification","valueRequired":true,"valueName":"search_term_string"}}],"inLanguage":"en-US"},{"@type":"Organization","@id":"https:\/\/ee.com.tr\/#organization","name":"Emkoedu","url":"https:\/\/ee.com.tr\/","logo":{"@type":"ImageObject","inLanguage":"en-US","@id":"https:\/\/ee.com.tr\/#\/schema\/logo\/image\/","url":"https:\/\/ee.com.tr\/wp-content\/uploads\/2018\/08\/sitemgr_photo_624.png","contentUrl":"https:\/\/ee.com.tr\/wp-content\/uploads\/2018\/08\/sitemgr_photo_624.png","width":800,"height":206,"caption":"Emkoedu"},"image":{"@id":"https:\/\/ee.com.tr\/#\/schema\/logo\/image\/"}}]}},"_links":{"self":[{"href":"https:\/\/ee.com.tr\/en\/wp-json\/wp\/v2\/product\/3078","targetHints":{"allow":["GET"]}}],"collection":[{"href":"https:\/\/ee.com.tr\/en\/wp-json\/wp\/v2\/product"}],"about":[{"href":"https:\/\/ee.com.tr\/en\/wp-json\/wp\/v2\/types\/product"}],"version-history":[{"count":0,"href":"https:\/\/ee.com.tr\/en\/wp-json\/wp\/v2\/product\/3078\/revisions"}],"wp:featuredmedia":[{"embeddable":true,"href":"https:\/\/ee.com.tr\/en\/wp-json\/wp\/v2\/media\/386"}],"wp:attachment":[{"href":"https:\/\/ee.com.tr\/en\/wp-json\/wp\/v2\/media?parent=3078"}],"wp:term":[{"taxonomy":"product_cat","embeddable":true,"href":"https:\/\/ee.com.tr\/en\/wp-json\/wp\/v2\/product_cat?post=3078"},{"taxonomy":"product_tag","embeddable":true,"href":"https:\/\/ee.com.tr\/en\/wp-json\/wp\/v2\/product_tag?post=3078"}],"curies":[{"name":"wp","href":"https:\/\/api.w.org\/{rel}","templated":true}]}}