{"id":3298,"date":"2019-04-08T13:28:17","date_gmt":"2019-04-08T13:44:27","guid":{"rendered":"http:\/\/akilli-tahta.com\/?post_type=product&#038;p=3298"},"modified":"2019-07-29T11:26:52","modified_gmt":"2019-07-29T11:26:52","slug":"emko-alto-chair-with-footrest","status":"publish","type":"product","link":"https:\/\/ee.com.tr\/en\/product-detail\/emko-alto-chair-with-footrest\/","title":{"rendered":"Emko Alto Chair With Footrest"},"content":{"rendered":"<div class=\"wpb-content-wrapper\"><p>[vc_row css_animation=&#8221;&#8221; row_type=&#8221;row&#8221; use_row_as_full_screen_section=&#8221;no&#8221; type=&#8221;full_width&#8221; angled_section=&#8221;no&#8221; text_align=&#8221;left&#8221; background_image_as_pattern=&#8221;without_pattern&#8221;][vc_column]<div class=\"qode-advanced-tabs qode-advanced-tabs qode-advanced-horizontal-tab clearfix qode-advanced-tab-without-icon qode-advanced-tabs-column-4 clearfix\">\n\t<ul class=\"qode-advanced-tabs-nav\">\n\t\t\t\t\t<li>\n\t\t\t\t<h4>\n\t\t\t\t\t<a href=\"#tab-product-description\">\n\t\t\t\t\t\t\n\t\t\t\t\t\t\t\t\t\t\t\t\t<span class=\"qode-advanced-tab-text-after-icon\">\n\t\t\t\t\t\t\t\tProduct Description\t\t\t\t\t\t\t<\/span>\n\t\t\t\t\t\t\t\t\t\t\t<\/a>\n\t\t\t\t<\/h4>\n\t\t\t<\/li>\n\t\t\t\t\t<li>\n\t\t\t\t<h4>\n\t\t\t\t\t<a href=\"#tab-color-options\">\n\t\t\t\t\t\t\n\t\t\t\t\t\t\t\t\t\t\t\t\t<span class=\"qode-advanced-tab-text-after-icon\">\n\t\t\t\t\t\t\t\tColor Options\t\t\t\t\t\t\t<\/span>\n\t\t\t\t\t\t\t\t\t\t\t<\/a>\n\t\t\t\t<\/h4>\n\t\t\t<\/li>\n\t\t\t\t\t<li>\n\t\t\t\t<h4>\n\t\t\t\t\t<a href=\"#tab-product-size-and-details\">\n\t\t\t\t\t\t\n\t\t\t\t\t\t\t\t\t\t\t\t\t<span class=\"qode-advanced-tab-text-after-icon\">\n\t\t\t\t\t\t\t\tProduct Size and Details\t\t\t\t\t\t\t<\/span>\n\t\t\t\t\t\t\t\t\t\t\t<\/a>\n\t\t\t\t<\/h4>\n\t\t\t<\/li>\n\t\t\t\t\t<li>\n\t\t\t\t<h4>\n\t\t\t\t\t<a href=\"#tab-suggested-with-this-product\">\n\t\t\t\t\t\t\n\t\t\t\t\t\t\t\t\t\t\t\t\t<span class=\"qode-advanced-tab-text-after-icon\">\n\t\t\t\t\t\t\t\tSuggested With This Product\t\t\t\t\t\t\t<\/span>\n\t\t\t\t\t\t\t\t\t\t\t<\/a>\n\t\t\t\t<\/h4>\n\t\t\t<\/li>\n\t\t\t<\/ul>\n\t<div class=\"qode-advanced-tab-container\" id=\"tab-product-description-538\" data-icon-pack=\"\" data-icon-html=\"\">[vc_row_inner row_type=&#8221;row&#8221; type=&#8221;full_width&#8221; text_align=&#8221;left&#8221; css_animation=&#8221;&#8221;][vc_column_inner width=&#8221;1\/2&#8243;][vc_single_image image=&#8221;1974&#8243; img_size=&#8221;large&#8221; qode_css_animation=&#8221;&#8221;][\/vc_column_inner][vc_column_inner width=&#8221;1\/2&#8243;][vc_column_text]<\/p>\n<h2>New heights with Emko alto chair<\/h2>\n<p>&nbsp;<\/p>\n<p>Thanks to the special shock absorber mechanism, it can be brought to the desired height and it is possible to use it with different desks and tables.\u00a0The product, which is suitable for either standing or sitting use, is especially ideal for use with the Emkoline teacher\u00a0table. Even if the teacher is sitting, all students in the classroom can easily make eye contact.<\/p>\n<p>&nbsp;<\/p>\n<p style=\"text-align: left;\">The surface texture of the seat and backrest is monobloc polypropylene material that is non-scratch and hygienic to prevent slippage. It is produced by adhering to ergonomic values in seating surface and height measurement. The chrome plated foot is extremely stylish and comfortable.<\/p>\n<p>[\/vc_column_text][\/vc_column_inner][\/vc_row_inner]<\/div>[vc_row css_animation=&#8221;&#8221; row_type=&#8221;row&#8221; use_row_as_full_screen_section=&#8221;no&#8221; type=&#8221;full_width&#8221; angled_section=&#8221;no&#8221; text_align=&#8221;left&#8221; background_image_as_pattern=&#8221;without_pattern&#8221;][vc_column]<\/p>\n<div class=\"qode-advanced-tab-container\" id=\"tab-color-options-916\" data-icon-pack=\"\" data-icon-html=\"\">[vc_row_inner row_type=&#8221;row&#8221; type=&#8221;full_width&#8221; text_align=&#8221;left&#8221; css_animation=&#8221;&#8221;][vc_column_inner width=&#8221;4\/4&#8243;][vc_column_text]<\/p>\n<h3 class=\"product-desc-title\" style=\"text-align: left;\"><strong>Metal Frame<\/strong><\/h3>\n<p style=\"text-align: left;\">Manufactured according to metal Ral colors.<\/p>\n<p>&nbsp;<\/p>\n<h3 class=\"product-desc-title\" style=\"text-align: left;\"><strong>Seating surface<\/strong><\/h3>\n<p>The following color options are available.<\/p>\n<p>&nbsp;<\/p>\n<div class=\"q_pie_graf_holder q-pie-chart-full\">\n\t<div class=\"q_pie_graf\" data-values=\"[16,16,16,16,16,16]\" data-colors=\"[&quot;#232ea3&quot;,&quot;#6aed36&quot;,&quot;#9e9e9e&quot;,&quot;#595959&quot;,&quot;#dd3333&quot;,&quot;#dd8e18&quot;]\">\n\t\t<canvas id=\"pie2926\" height=\"150\" width=\"150\"><\/canvas>\n\t<\/div>\n\t<div class=\"q_pie_graf_legend\">\n\t\t<ul>\n\t\t\t\t\t\t\t\t\t<li>\n\t\t\t\t\t\t\t<div class='color_holder' style=\"background-color:#232ea3\"><\/div>\n\t\t\t\t\t\t\t<p style=\"color: #595959\">Blue<\/p>\n\t\t\t\t\t\t<\/li>\n\t\t\t\t\t\t\t\t\t\t\t\t<li>\n\t\t\t\t\t\t\t<div class='color_holder' style=\"background-color:#6aed36\"><\/div>\n\t\t\t\t\t\t\t<p style=\"color: #595959\">Green<\/p>\n\t\t\t\t\t\t<\/li>\n\t\t\t\t\t\t\t\t\t\t\t\t<li>\n\t\t\t\t\t\t\t<div class='color_holder' style=\"background-color:#9e9e9e\"><\/div>\n\t\t\t\t\t\t\t<p style=\"color: #595959\">Gray<\/p>\n\t\t\t\t\t\t<\/li>\n\t\t\t\t\t\t\t\t\t\t\t\t<li>\n\t\t\t\t\t\t\t<div class='color_holder' style=\"background-color:#595959\"><\/div>\n\t\t\t\t\t\t\t<p style=\"color: #595959\">Anthracite<\/p>\n\t\t\t\t\t\t<\/li>\n\t\t\t\t\t\t\t\t\t\t\t\t<li>\n\t\t\t\t\t\t\t<div class='color_holder' style=\"background-color:#dd3333\"><\/div>\n\t\t\t\t\t\t\t<p style=\"color: #595959\">Red<\/p>\n\t\t\t\t\t\t<\/li>\n\t\t\t\t\t\t\t\t\t\t\t\t<li>\n\t\t\t\t\t\t\t<div class='color_holder' style=\"background-color:#dd8e18\"><\/div>\n\t\t\t\t\t\t\t<p style=\"color: #595959\">Orange<\/p>\n\t\t\t\t\t\t<\/li>\n\t\t\t\t\t\t\t\t<\/ul>\n\t<\/div>\n<\/div>\n<p><small><br \/>\nPossible to work with different colors on purchases 500 pc or more.<\/small><\/p>\n<p>[\/vc_column_text][\/vc_column_inner][\/vc_row_inner]<\/div>\n<div class=\"qode-advanced-tab-container\" id=\"tab-product-size-and-details-612\" data-icon-pack=\"\" data-icon-html=\"\">[vc_column_text]<\/p>\n<table style=\"height: 121px;\" border=\"1\" width=\"677\" cellspacing=\"1\" cellpadding=\"1\">\n<tbody>\n<tr>\n<td><strong>PRODUCT<\/strong><\/td>\n<td><strong>SIZE<\/strong><\/td>\n<td><strong>DESCRIPTION<\/strong><\/td>\n<td><strong>CODE<\/strong><\/td>\n<\/tr>\n<tr>\n<td>No:5-6-7<\/td>\n<td>Height: 42-65 cm<\/td>\n<td>Alto Chair With Footrest<\/td>\n<td>M-3AH-P08<\/td>\n<\/tr>\n<\/tbody>\n<\/table>\n<p>[\/vc_column_text]<\/div>\n<div class=\"qode-advanced-tab-container\" id=\"tab-suggested-with-this-product-175\" data-icon-pack=\"\" data-icon-html=\"\">[vc_row_inner row_type=&#8221;row&#8221; type=&#8221;full_width&#8221; text_align=&#8221;left&#8221; css_animation=&#8221;&#8221;][vc_column_inner]<div class=\"woocommerce columns-3 \"><\/div>[\/vc_column_inner][\/vc_row_inner]<\/div><\/div>[vc_empty_space][\/vc_column][\/vc_row]<\/p>\n<p>&nbsp;<\/p>\n<\/div>","protected":false},"excerpt":{"rendered":"<p>Emko Alto Chair With Footrest is suitable for either standing or sitting use, is especially ideal for use with the Emkoline teacher\u00a0table. Even if the teacher is sitting, all students in the classroom can easily make eye contact.<\/p>\n","protected":false},"featured_media":1459,"template":"","meta":{"_monsterinsights_skip_tracking":false,"_monsterinsights_sitenote_active":false,"_monsterinsights_sitenote_note":"","_monsterinsights_sitenote_category":0},"product_cat":[318],"product_tag":[],"class_list":{"0":"post-3298","1":"product","2":"type-product","3":"status-publish","4":"has-post-thumbnail","6":"product_cat-chairs","7":"pa_renk-ral-2004-en","8":"pa_renk-ral-230-3-en","9":"pa_renk-ral-3000-en","10":"pa_renk-ral-5002-en","11":"pa_renk-ral-7016-en","13":"first","14":"instock","15":"shipping-taxable","16":"purchasable","17":"product-type-variable"},"yoast_head":"<!-- This site is optimized with the Yoast SEO plugin v26.0 - https:\/\/yoast.com\/wordpress\/plugins\/seo\/ -->\n<title>Emko Alto Chair With Footrest &#8211; Emko Education Solutions<\/title>\n<meta name=\"robots\" content=\"index, follow, max-snippet:-1, max-image-preview:large, max-video-preview:-1\" \/>\n<link rel=\"canonical\" href=\"https:\/\/ee.com.tr\/en\/product-detail\/emko-alto-chair-with-footrest\/\" \/>\n<meta property=\"og:locale\" content=\"en_US\" \/>\n<meta property=\"og:type\" content=\"article\" \/>\n<meta property=\"og:title\" content=\"Emko Alto Chair With Footrest &#8211; Emko Education Solutions\" \/>\n<meta property=\"og:description\" content=\"Emko Alto Chair With Footrest is suitable for either standing or sitting use, is especially ideal for use with the Emkoline teacher\u00a0table. Even if the teacher is sitting, all students in the classroom can easily make eye contact.\" \/>\n<meta property=\"og:url\" content=\"https:\/\/ee.com.tr\/en\/product-detail\/emko-alto-chair-with-footrest\/\" \/>\n<meta property=\"og:site_name\" content=\"Emko Education Solutions\" \/>\n<meta property=\"article:modified_time\" content=\"2019-07-29T11:26:52+00:00\" \/>\n<meta property=\"og:image\" content=\"https:\/\/ee.com.tr\/wp-content\/uploads\/2018\/10\/EMKO-ALTO-\u00c7EMBERL\u0130-SANDALYE1.jpg\" \/>\n\t<meta property=\"og:image:width\" content=\"700\" \/>\n\t<meta property=\"og:image:height\" content=\"1194\" \/>\n\t<meta property=\"og:image:type\" content=\"image\/jpeg\" \/>\n<meta name=\"twitter:card\" content=\"summary_large_image\" \/>\n<meta name=\"twitter:label1\" content=\"Est. reading time\" \/>\n\t<meta name=\"twitter:data1\" content=\"2 minutes\" \/>\n<script type=\"application\/ld+json\" class=\"yoast-schema-graph\">{\"@context\":\"https:\/\/schema.org\",\"@graph\":[{\"@type\":\"WebPage\",\"@id\":\"https:\/\/ee.com.tr\/en\/product-detail\/emko-alto-chair-with-footrest\/\",\"url\":\"https:\/\/ee.com.tr\/en\/product-detail\/emko-alto-chair-with-footrest\/\",\"name\":\"Emko Alto Chair With Footrest &#8211; Emko Education Solutions\",\"isPartOf\":{\"@id\":\"https:\/\/ee.com.tr\/#website\"},\"primaryImageOfPage\":{\"@id\":\"https:\/\/ee.com.tr\/en\/product-detail\/emko-alto-chair-with-footrest\/#primaryimage\"},\"image\":{\"@id\":\"https:\/\/ee.com.tr\/en\/product-detail\/emko-alto-chair-with-footrest\/#primaryimage\"},\"thumbnailUrl\":\"https:\/\/ee.com.tr\/wp-content\/uploads\/2018\/10\/EMKO-ALTO-\u00c7EMBERL\u0130-SANDALYE1.jpg\",\"datePublished\":\"2019-04-08T13:44:27+00:00\",\"dateModified\":\"2019-07-29T11:26:52+00:00\",\"breadcrumb\":{\"@id\":\"https:\/\/ee.com.tr\/en\/product-detail\/emko-alto-chair-with-footrest\/#breadcrumb\"},\"inLanguage\":\"en-US\",\"potentialAction\":[{\"@type\":\"ReadAction\",\"target\":[\"https:\/\/ee.com.tr\/en\/product-detail\/emko-alto-chair-with-footrest\/\"]}]},{\"@type\":\"ImageObject\",\"inLanguage\":\"en-US\",\"@id\":\"https:\/\/ee.com.tr\/en\/product-detail\/emko-alto-chair-with-footrest\/#primaryimage\",\"url\":\"https:\/\/ee.com.tr\/wp-content\/uploads\/2018\/10\/EMKO-ALTO-\u00c7EMBERL\u0130-SANDALYE1.jpg\",\"contentUrl\":\"https:\/\/ee.com.tr\/wp-content\/uploads\/2018\/10\/EMKO-ALTO-\u00c7EMBERL\u0130-SANDALYE1.jpg\",\"width\":700,\"height\":1194,\"caption\":\"EMKO ALTO \u00c7EMBERL\u0130 SANDALYE\"},{\"@type\":\"BreadcrumbList\",\"@id\":\"https:\/\/ee.com.tr\/en\/product-detail\/emko-alto-chair-with-footrest\/#breadcrumb\",\"itemListElement\":[{\"@type\":\"ListItem\",\"position\":1,\"name\":\"Ana sayfa\",\"item\":\"https:\/\/ee.com.tr\/en\/\"},{\"@type\":\"ListItem\",\"position\":2,\"name\":\"Products\",\"item\":\"https:\/\/ee.com.tr\/en\/shop\/\"},{\"@type\":\"ListItem\",\"position\":3,\"name\":\"Emko Alto Chair With Footrest\"}]},{\"@type\":\"WebSite\",\"@id\":\"https:\/\/ee.com.tr\/#website\",\"url\":\"https:\/\/ee.com.tr\/\",\"name\":\"Emkoedu\",\"description\":\"E\u011fitimin oldu\u011fu her yerdeyiz\",\"publisher\":{\"@id\":\"https:\/\/ee.com.tr\/#organization\"},\"potentialAction\":[{\"@type\":\"SearchAction\",\"target\":{\"@type\":\"EntryPoint\",\"urlTemplate\":\"https:\/\/ee.com.tr\/?s={search_term_string}\"},\"query-input\":{\"@type\":\"PropertyValueSpecification\",\"valueRequired\":true,\"valueName\":\"search_term_string\"}}],\"inLanguage\":\"en-US\"},{\"@type\":\"Organization\",\"@id\":\"https:\/\/ee.com.tr\/#organization\",\"name\":\"Emkoedu\",\"url\":\"https:\/\/ee.com.tr\/\",\"logo\":{\"@type\":\"ImageObject\",\"inLanguage\":\"en-US\",\"@id\":\"https:\/\/ee.com.tr\/#\/schema\/logo\/image\/\",\"url\":\"https:\/\/ee.com.tr\/wp-content\/uploads\/2018\/08\/sitemgr_photo_624.png\",\"contentUrl\":\"https:\/\/ee.com.tr\/wp-content\/uploads\/2018\/08\/sitemgr_photo_624.png\",\"width\":800,\"height\":206,\"caption\":\"Emkoedu\"},\"image\":{\"@id\":\"https:\/\/ee.com.tr\/#\/schema\/logo\/image\/\"}}]}<\/script>\n<!-- \/ Yoast SEO plugin. -->","yoast_head_json":{"title":"Emko Alto Chair With Footrest &#8211; Emko Education Solutions","robots":{"index":"index","follow":"follow","max-snippet":"max-snippet:-1","max-image-preview":"max-image-preview:large","max-video-preview":"max-video-preview:-1"},"canonical":"https:\/\/ee.com.tr\/en\/product-detail\/emko-alto-chair-with-footrest\/","og_locale":"en_US","og_type":"article","og_title":"Emko Alto Chair With Footrest &#8211; Emko Education Solutions","og_description":"Emko Alto Chair With Footrest is suitable for either standing or sitting use, is especially ideal for use with the Emkoline teacher\u00a0table. Even if the teacher is sitting, all students in the classroom can easily make eye contact.","og_url":"https:\/\/ee.com.tr\/en\/product-detail\/emko-alto-chair-with-footrest\/","og_site_name":"Emko Education Solutions","article_modified_time":"2019-07-29T11:26:52+00:00","og_image":[{"width":700,"height":1194,"url":"https:\/\/ee.com.tr\/wp-content\/uploads\/2018\/10\/EMKO-ALTO-\u00c7EMBERL\u0130-SANDALYE1.jpg","type":"image\/jpeg"}],"twitter_card":"summary_large_image","twitter_misc":{"Est. reading time":"2 minutes"},"schema":{"@context":"https:\/\/schema.org","@graph":[{"@type":"WebPage","@id":"https:\/\/ee.com.tr\/en\/product-detail\/emko-alto-chair-with-footrest\/","url":"https:\/\/ee.com.tr\/en\/product-detail\/emko-alto-chair-with-footrest\/","name":"Emko Alto Chair With Footrest &#8211; Emko Education Solutions","isPartOf":{"@id":"https:\/\/ee.com.tr\/#website"},"primaryImageOfPage":{"@id":"https:\/\/ee.com.tr\/en\/product-detail\/emko-alto-chair-with-footrest\/#primaryimage"},"image":{"@id":"https:\/\/ee.com.tr\/en\/product-detail\/emko-alto-chair-with-footrest\/#primaryimage"},"thumbnailUrl":"https:\/\/ee.com.tr\/wp-content\/uploads\/2018\/10\/EMKO-ALTO-\u00c7EMBERL\u0130-SANDALYE1.jpg","datePublished":"2019-04-08T13:44:27+00:00","dateModified":"2019-07-29T11:26:52+00:00","breadcrumb":{"@id":"https:\/\/ee.com.tr\/en\/product-detail\/emko-alto-chair-with-footrest\/#breadcrumb"},"inLanguage":"en-US","potentialAction":[{"@type":"ReadAction","target":["https:\/\/ee.com.tr\/en\/product-detail\/emko-alto-chair-with-footrest\/"]}]},{"@type":"ImageObject","inLanguage":"en-US","@id":"https:\/\/ee.com.tr\/en\/product-detail\/emko-alto-chair-with-footrest\/#primaryimage","url":"https:\/\/ee.com.tr\/wp-content\/uploads\/2018\/10\/EMKO-ALTO-\u00c7EMBERL\u0130-SANDALYE1.jpg","contentUrl":"https:\/\/ee.com.tr\/wp-content\/uploads\/2018\/10\/EMKO-ALTO-\u00c7EMBERL\u0130-SANDALYE1.jpg","width":700,"height":1194,"caption":"EMKO ALTO \u00c7EMBERL\u0130 SANDALYE"},{"@type":"BreadcrumbList","@id":"https:\/\/ee.com.tr\/en\/product-detail\/emko-alto-chair-with-footrest\/#breadcrumb","itemListElement":[{"@type":"ListItem","position":1,"name":"Ana sayfa","item":"https:\/\/ee.com.tr\/en\/"},{"@type":"ListItem","position":2,"name":"Products","item":"https:\/\/ee.com.tr\/en\/shop\/"},{"@type":"ListItem","position":3,"name":"Emko Alto Chair With Footrest"}]},{"@type":"WebSite","@id":"https:\/\/ee.com.tr\/#website","url":"https:\/\/ee.com.tr\/","name":"Emkoedu","description":"E\u011fitimin oldu\u011fu her yerdeyiz","publisher":{"@id":"https:\/\/ee.com.tr\/#organization"},"potentialAction":[{"@type":"SearchAction","target":{"@type":"EntryPoint","urlTemplate":"https:\/\/ee.com.tr\/?s={search_term_string}"},"query-input":{"@type":"PropertyValueSpecification","valueRequired":true,"valueName":"search_term_string"}}],"inLanguage":"en-US"},{"@type":"Organization","@id":"https:\/\/ee.com.tr\/#organization","name":"Emkoedu","url":"https:\/\/ee.com.tr\/","logo":{"@type":"ImageObject","inLanguage":"en-US","@id":"https:\/\/ee.com.tr\/#\/schema\/logo\/image\/","url":"https:\/\/ee.com.tr\/wp-content\/uploads\/2018\/08\/sitemgr_photo_624.png","contentUrl":"https:\/\/ee.com.tr\/wp-content\/uploads\/2018\/08\/sitemgr_photo_624.png","width":800,"height":206,"caption":"Emkoedu"},"image":{"@id":"https:\/\/ee.com.tr\/#\/schema\/logo\/image\/"}}]}},"_links":{"self":[{"href":"https:\/\/ee.com.tr\/en\/wp-json\/wp\/v2\/product\/3298","targetHints":{"allow":["GET"]}}],"collection":[{"href":"https:\/\/ee.com.tr\/en\/wp-json\/wp\/v2\/product"}],"about":[{"href":"https:\/\/ee.com.tr\/en\/wp-json\/wp\/v2\/types\/product"}],"version-history":[{"count":0,"href":"https:\/\/ee.com.tr\/en\/wp-json\/wp\/v2\/product\/3298\/revisions"}],"wp:featuredmedia":[{"embeddable":true,"href":"https:\/\/ee.com.tr\/en\/wp-json\/wp\/v2\/media\/1459"}],"wp:attachment":[{"href":"https:\/\/ee.com.tr\/en\/wp-json\/wp\/v2\/media?parent=3298"}],"wp:term":[{"taxonomy":"product_cat","embeddable":true,"href":"https:\/\/ee.com.tr\/en\/wp-json\/wp\/v2\/product_cat?post=3298"},{"taxonomy":"product_tag","embeddable":true,"href":"https:\/\/ee.com.tr\/en\/wp-json\/wp\/v2\/product_tag?post=3298"}],"curies":[{"name":"wp","href":"https:\/\/api.w.org\/{rel}","templated":true}]}}